{"id":1012,"date":"2020-01-24T14:09:33","date_gmt":"2020-01-24T14:09:33","guid":{"rendered":"https:\/\/www.thinkweb.ch\/?page_id=1012"},"modified":"2020-03-26T21:41:30","modified_gmt":"2020-03-26T21:41:30","slug":"les-dessins","status":"publish","type":"page","link":"https:\/\/www.thinkweb.ch\/en\/art\/les-dessins\/","title":{"rendered":"Drawings"},"content":{"rendered":"<h3><span style=\"color: #808080;\">\"You see things and you say, 'Why?'<\/span><br \/>\n<span style=\"color: #808080;\"> But I dream of things that never existed and I say, 'Why not?<\/span><\/h3>\n<p><span style=\"color: #d6d6d6;\"><em><span style=\"color: #808080;\">George Bernard Shaw<\/span><\/em><\/span><\/p>\n<p><span style=\"color: #d6d6d6;\"><em><img fetchpriority=\"high\" decoding=\"async\" class=\"alignnone wp-image-1018 size-full\" src=\"https:\/\/www.thinkweb.ch\/wp-content\/uploads\/2020\/01\/medusa.jpg\" alt=\"\" width=\"425\" height=\"567\" srcset=\"https:\/\/www.thinkweb.ch\/wp-content\/uploads\/2020\/01\/medusa.jpg 425w, https:\/\/www.thinkweb.ch\/wp-content\/uploads\/2020\/01\/medusa-225x300.jpg 225w\" sizes=\"(max-width: 425px) 100vw, 425px\" \/><\/em><\/span><span style=\"color: #d6d6d6;\"><em><span style=\"color: #ffffff;\">x<img decoding=\"async\" class=\"alignnone wp-image-1015 size-full\" src=\"https:\/\/www.thinkweb.ch\/wp-content\/uploads\/2020\/01\/detalle-medusa.jpg\" alt=\"\" width=\"425\" height=\"407\" srcset=\"https:\/\/www.thinkweb.ch\/wp-content\/uploads\/2020\/01\/detalle-medusa.jpg 425w, https:\/\/www.thinkweb.ch\/wp-content\/uploads\/2020\/01\/detalle-medusa-300x287.jpg 300w\" sizes=\"(max-width: 425px) 100vw, 425px\" \/><\/span><\/em><\/span><\/p>\n<p><img decoding=\"async\" class=\"alignnone wp-image-1017 size-full\" src=\"https:\/\/www.thinkweb.ch\/wp-content\/uploads\/2020\/01\/geckos.jpg\" alt=\"\" width=\"425\" height=\"331\" srcset=\"https:\/\/www.thinkweb.ch\/wp-content\/uploads\/2020\/01\/geckos.jpg 425w, https:\/\/www.thinkweb.ch\/wp-content\/uploads\/2020\/01\/geckos-300x234.jpg 300w\" sizes=\"(max-width: 425px) 100vw, 425px\" \/><\/p>\n<p><img loading=\"lazy\" decoding=\"async\" class=\"alignnone wp-image-1016 size-full\" src=\"https:\/\/www.thinkweb.ch\/wp-content\/uploads\/2020\/01\/gato.jpg\" alt=\"\" width=\"425\" height=\"581\" srcset=\"https:\/\/www.thinkweb.ch\/wp-content\/uploads\/2020\/01\/gato.jpg 425w, https:\/\/www.thinkweb.ch\/wp-content\/uploads\/2020\/01\/gato-219x300.jpg 219w\" sizes=\"(max-width: 425px) 100vw, 425px\" \/><img loading=\"lazy\" decoding=\"async\" class=\"alignnone wp-image-1014 size-full\" src=\"https:\/\/www.thinkweb.ch\/wp-content\/uploads\/2020\/01\/detalle-gato.jpg\" alt=\"\" width=\"425\" height=\"339\" srcset=\"https:\/\/www.thinkweb.ch\/wp-content\/uploads\/2020\/01\/detalle-gato.jpg 425w, https:\/\/www.thinkweb.ch\/wp-content\/uploads\/2020\/01\/detalle-gato-300x239.jpg 300w\" sizes=\"(max-width: 425px) 100vw, 425px\" \/><\/p>\n<p><img loading=\"lazy\" decoding=\"async\" class=\"alignnone wp-image-1013 size-full\" src=\"https:\/\/www.thinkweb.ch\/wp-content\/uploads\/2020\/01\/cebras.jpg\" alt=\"\" width=\"425\" height=\"629\" srcset=\"https:\/\/www.thinkweb.ch\/wp-content\/uploads\/2020\/01\/cebras.jpg 425w, https:\/\/www.thinkweb.ch\/wp-content\/uploads\/2020\/01\/cebras-203x300.jpg 203w\" sizes=\"(max-width: 425px) 100vw, 425px\" \/><\/p>\n<p><a href=\"http:\/\/www.thinkweb.ch\/en\/photo-montages\/\">Photomontages<\/a>&nbsp; &nbsp; &nbsp; &nbsp; &nbsp; &nbsp;<a href=\"https:\/\/www.thinkweb.ch\/en\/art\/les-tableaux\/\">Paintings<\/a>&nbsp; &nbsp; &nbsp; &nbsp; <a href=\"https:\/\/www.thinkweb.ch\/en\/art\/les-tableaux-2\/\">Les collages &gt;&gt;<\/a>&nbsp; &nbsp; &nbsp; &nbsp; &nbsp;<a href=\"http:\/\/www.thinkweb.ch\/en\/wp\/art\/les-meubles\/\">Wooden furniture and objects<\/a>&nbsp;&gt;&gt;<\/p>\n<h2><span style=\"color: #ffffff;\">Tableaux<\/span><\/h2>","protected":false},"excerpt":{"rendered":"<p>\u00ab&nbsp;Vous voyez des choses et vous dites : \u2018pourquoi?\u2019 Mais moi, je r\u00eave de choses qui n\u2019ont jamais exist\u00e9 et je dis : \u2018pourquoi pas?\u2019 George Bernard Shaw x Les photomontages &gt;&gt;&nbsp; &nbsp; &nbsp; &nbsp; &nbsp; &nbsp;Tableaux &gt;&gt;&nbsp; &nbsp; &nbsp; &nbsp; Les collages &gt;&gt;&nbsp; &nbsp; &nbsp; &nbsp; &nbsp;Les meubles et objets en bois&nbsp;&gt;&gt; Tableaux<\/p>","protected":false},"author":1,"featured_media":0,"parent":83,"menu_order":1,"comment_status":"closed","ping_status":"closed","template":"","meta":{"footnotes":""},"class_list":["post-1012","page","type-page","status-publish","hentry"],"yoast_head":"<!-- This site is optimized with the Yoast SEO plugin v24.6 - https:\/\/yoast.com\/wordpress\/plugins\/seo\/ -->\n<title>Tableaux, peinture \u00e0 l&#039;huile et \u00e0 l&#039;acrylique, graphisme, illustrations.<\/title>\n<meta name=\"description\" content=\"Tableaux, peinture \u00e0 l&#039;huile et \u00e0 l&#039;acrylique, graphisme, illustrations, peinture sur meubles, cr\u00e9ation de tableaux, photomontages.\" \/>\n<meta name=\"robots\" content=\"index, follow, max-snippet:-1, max-image-preview:large, max-video-preview:-1\" \/>\n<link rel=\"canonical\" href=\"https:\/\/www.thinkweb.ch\/en\/art\/les-dessins\/\" \/>\n<meta property=\"og:locale\" content=\"en_US\" \/>\n<meta property=\"og:type\" content=\"article\" \/>\n<meta property=\"og:title\" content=\"Tableaux, peinture \u00e0 l&#039;huile et \u00e0 l&#039;acrylique, graphisme, illustrations.\" \/>\n<meta property=\"og:description\" content=\"Tableaux, peinture \u00e0 l&#039;huile et \u00e0 l&#039;acrylique, graphisme, illustrations, peinture sur meubles, cr\u00e9ation de tableaux, photomontages.\" \/>\n<meta property=\"og:url\" content=\"https:\/\/www.thinkweb.ch\/en\/art\/les-dessins\/\" \/>\n<meta property=\"article:modified_time\" content=\"2020-03-26T21:41:30+00:00\" \/>\n<meta property=\"og:image\" content=\"https:\/\/www.thinkweb.ch\/wp-content\/uploads\/2020\/01\/medusa.jpg\" \/>\n<meta name=\"twitter:card\" content=\"summary_large_image\" \/>\n<script type=\"application\/ld+json\" class=\"yoast-schema-graph\">{\"@context\":\"https:\/\/schema.org\",\"@graph\":[{\"@type\":\"WebPage\",\"@id\":\"https:\/\/www.thinkweb.ch\/art\/les-dessins\/\",\"url\":\"https:\/\/www.thinkweb.ch\/art\/les-dessins\/\",\"name\":\"Tableaux, peinture \u00e0 l'huile et \u00e0 l'acrylique, graphisme, illustrations.\",\"isPartOf\":{\"@id\":\"https:\/\/www.thinkweb.ch\/#website\"},\"primaryImageOfPage\":{\"@id\":\"https:\/\/www.thinkweb.ch\/art\/les-dessins\/#primaryimage\"},\"image\":{\"@id\":\"https:\/\/www.thinkweb.ch\/art\/les-dessins\/#primaryimage\"},\"thumbnailUrl\":\"https:\/\/www.thinkweb.ch\/wp-content\/uploads\/2020\/01\/medusa.jpg\",\"datePublished\":\"2020-01-24T14:09:33+00:00\",\"dateModified\":\"2020-03-26T21:41:30+00:00\",\"description\":\"Tableaux, peinture \u00e0 l'huile et \u00e0 l'acrylique, graphisme, illustrations, peinture sur meubles, cr\u00e9ation de tableaux, photomontages.\",\"breadcrumb\":{\"@id\":\"https:\/\/www.thinkweb.ch\/art\/les-dessins\/#breadcrumb\"},\"inLanguage\":\"en-US\",\"potentialAction\":[{\"@type\":\"ReadAction\",\"target\":[\"https:\/\/www.thinkweb.ch\/art\/les-dessins\/\"]}]},{\"@type\":\"ImageObject\",\"inLanguage\":\"en-US\",\"@id\":\"https:\/\/www.thinkweb.ch\/art\/les-dessins\/#primaryimage\",\"url\":\"https:\/\/www.thinkweb.ch\/wp-content\/uploads\/2020\/01\/medusa.jpg\",\"contentUrl\":\"https:\/\/www.thinkweb.ch\/wp-content\/uploads\/2020\/01\/medusa.jpg\"},{\"@type\":\"BreadcrumbList\",\"@id\":\"https:\/\/www.thinkweb.ch\/art\/les-dessins\/#breadcrumb\",\"itemListElement\":[{\"@type\":\"ListItem\",\"position\":1,\"name\":\"Accueil\",\"item\":\"https:\/\/www.thinkweb.ch\/\"},{\"@type\":\"ListItem\",\"position\":2,\"name\":\"ART\",\"item\":\"https:\/\/www.thinkweb.ch\/art\/\"},{\"@type\":\"ListItem\",\"position\":3,\"name\":\"Les dessins\"}]},{\"@type\":\"WebSite\",\"@id\":\"https:\/\/www.thinkweb.ch\/#website\",\"url\":\"https:\/\/www.thinkweb.ch\/\",\"name\":\"\",\"description\":\"Be diff\u00e9rent ThinkWeb\",\"potentialAction\":[{\"@type\":\"SearchAction\",\"target\":{\"@type\":\"EntryPoint\",\"urlTemplate\":\"https:\/\/www.thinkweb.ch\/?s={search_term_string}\"},\"query-input\":{\"@type\":\"PropertyValueSpecification\",\"valueRequired\":true,\"valueName\":\"search_term_string\"}}],\"inLanguage\":\"en-US\"}]}<\/script>\n<!-- \/ Yoast SEO plugin. -->","yoast_head_json":{"title":"Tableaux, peinture \u00e0 l'huile et \u00e0 l'acrylique, graphisme, illustrations.","description":"Tableaux, peinture \u00e0 l'huile et \u00e0 l'acrylique, graphisme, illustrations, peinture sur meubles, cr\u00e9ation de tableaux, photomontages.","robots":{"index":"index","follow":"follow","max-snippet":"max-snippet:-1","max-image-preview":"max-image-preview:large","max-video-preview":"max-video-preview:-1"},"canonical":"https:\/\/www.thinkweb.ch\/en\/art\/les-dessins\/","og_locale":"en_US","og_type":"article","og_title":"Tableaux, peinture \u00e0 l'huile et \u00e0 l'acrylique, graphisme, illustrations.","og_description":"Tableaux, peinture \u00e0 l'huile et \u00e0 l'acrylique, graphisme, illustrations, peinture sur meubles, cr\u00e9ation de tableaux, photomontages.","og_url":"https:\/\/www.thinkweb.ch\/en\/art\/les-dessins\/","article_modified_time":"2020-03-26T21:41:30+00:00","og_image":[{"url":"https:\/\/www.thinkweb.ch\/wp-content\/uploads\/2020\/01\/medusa.jpg","type":"","width":"","height":""}],"twitter_card":"summary_large_image","schema":{"@context":"https:\/\/schema.org","@graph":[{"@type":"WebPage","@id":"https:\/\/www.thinkweb.ch\/art\/les-dessins\/","url":"https:\/\/www.thinkweb.ch\/art\/les-dessins\/","name":"Tableaux, peinture \u00e0 l'huile et \u00e0 l'acrylique, graphisme, illustrations.","isPartOf":{"@id":"https:\/\/www.thinkweb.ch\/#website"},"primaryImageOfPage":{"@id":"https:\/\/www.thinkweb.ch\/art\/les-dessins\/#primaryimage"},"image":{"@id":"https:\/\/www.thinkweb.ch\/art\/les-dessins\/#primaryimage"},"thumbnailUrl":"https:\/\/www.thinkweb.ch\/wp-content\/uploads\/2020\/01\/medusa.jpg","datePublished":"2020-01-24T14:09:33+00:00","dateModified":"2020-03-26T21:41:30+00:00","description":"Tableaux, peinture \u00e0 l'huile et \u00e0 l'acrylique, graphisme, illustrations, peinture sur meubles, cr\u00e9ation de tableaux, photomontages.","breadcrumb":{"@id":"https:\/\/www.thinkweb.ch\/art\/les-dessins\/#breadcrumb"},"inLanguage":"en-US","potentialAction":[{"@type":"ReadAction","target":["https:\/\/www.thinkweb.ch\/art\/les-dessins\/"]}]},{"@type":"ImageObject","inLanguage":"en-US","@id":"https:\/\/www.thinkweb.ch\/art\/les-dessins\/#primaryimage","url":"https:\/\/www.thinkweb.ch\/wp-content\/uploads\/2020\/01\/medusa.jpg","contentUrl":"https:\/\/www.thinkweb.ch\/wp-content\/uploads\/2020\/01\/medusa.jpg"},{"@type":"BreadcrumbList","@id":"https:\/\/www.thinkweb.ch\/art\/les-dessins\/#breadcrumb","itemListElement":[{"@type":"ListItem","position":1,"name":"Accueil","item":"https:\/\/www.thinkweb.ch\/"},{"@type":"ListItem","position":2,"name":"ART","item":"https:\/\/www.thinkweb.ch\/art\/"},{"@type":"ListItem","position":3,"name":"Les dessins"}]},{"@type":"WebSite","@id":"https:\/\/www.thinkweb.ch\/#website","url":"https:\/\/www.thinkweb.ch\/","name":"","description":"Be diff\u00e9rent ThinkWeb","potentialAction":[{"@type":"SearchAction","target":{"@type":"EntryPoint","urlTemplate":"https:\/\/www.thinkweb.ch\/?s={search_term_string}"},"query-input":{"@type":"PropertyValueSpecification","valueRequired":true,"valueName":"search_term_string"}}],"inLanguage":"en-US"}]}},"jetpack_sharing_enabled":true,"_links":{"self":[{"href":"https:\/\/www.thinkweb.ch\/en\/wp-json\/wp\/v2\/pages\/1012"}],"collection":[{"href":"https:\/\/www.thinkweb.ch\/en\/wp-json\/wp\/v2\/pages"}],"about":[{"href":"https:\/\/www.thinkweb.ch\/en\/wp-json\/wp\/v2\/types\/page"}],"author":[{"embeddable":true,"href":"https:\/\/www.thinkweb.ch\/en\/wp-json\/wp\/v2\/users\/1"}],"replies":[{"embeddable":true,"href":"https:\/\/www.thinkweb.ch\/en\/wp-json\/wp\/v2\/comments?post=1012"}],"version-history":[{"count":4,"href":"https:\/\/www.thinkweb.ch\/en\/wp-json\/wp\/v2\/pages\/1012\/revisions"}],"predecessor-version":[{"id":1047,"href":"https:\/\/www.thinkweb.ch\/en\/wp-json\/wp\/v2\/pages\/1012\/revisions\/1047"}],"up":[{"embeddable":true,"href":"https:\/\/www.thinkweb.ch\/en\/wp-json\/wp\/v2\/pages\/83"}],"wp:attachment":[{"href":"https:\/\/www.thinkweb.ch\/en\/wp-json\/wp\/v2\/media?parent=1012"}],"curies":[{"name":"wp","href":"https:\/\/api.w.org\/{rel}","templated":true}]}}