{"id":613,"date":"2016-12-20T09:42:04","date_gmt":"2016-12-20T09:42:04","guid":{"rendered":"http:\/\/www.thinkweb.ch\/?page_id=613"},"modified":"2022-11-02T08:09:24","modified_gmt":"2022-11-02T08:09:24","slug":"animations","status":"publish","type":"page","link":"https:\/\/www.thinkweb.ch\/en\/graphic-design\/animations\/","title":{"rendered":"Animations"},"content":{"rendered":"\t\t<div data-elementor-type=\"wp-page\" data-elementor-id=\"613\" class=\"elementor elementor-613\">\n\t\t\t\t\t\t<section class=\"elementor-section elementor-top-section elementor-element elementor-element-2fde6c0 elementor-section-boxed elementor-section-height-default elementor-section-height-default\" data-id=\"2fde6c0\" data-element_type=\"section\" data-e-type=\"section\">\n\t\t\t\t\t\t<div class=\"elementor-container elementor-column-gap-default\">\n\t\t\t\t\t<div class=\"elementor-column elementor-col-100 elementor-top-column elementor-element elementor-element-0a84436\" data-id=\"0a84436\" data-element_type=\"column\" data-e-type=\"column\">\n\t\t\t<div class=\"elementor-widget-wrap elementor-element-populated\">\n\t\t\t\t\t\t<div class=\"elementor-element elementor-element-c3d73fc elementor-widget elementor-widget-video\" data-id=\"c3d73fc\" data-element_type=\"widget\" data-e-type=\"widget\" data-settings=\"{&quot;youtube_url&quot;:&quot;https:\\\/\\\/www.youtube.com\\\/watch?v=BTX5OC09atU&amp;list=PLhEqxHnHgVu-2I-Y5iLDKQcwKwlVMTC0Q&amp;ab_channel=SwissHelios&quot;,&quot;video_type&quot;:&quot;youtube&quot;,&quot;controls&quot;:&quot;yes&quot;}\" data-widget_type=\"video.default\">\n\t\t\t\t<div class=\"elementor-widget-container\">\n\t\t\t\t\t\t\t<div class=\"elementor-wrapper elementor-open-inline\">\n\t\t\t<div class=\"elementor-video\"><\/div>\t\t<\/div>\n\t\t\t\t\t\t<\/div>\n\t\t\t\t<\/div>\n\t\t\t\t\t<\/div>\n\t\t<\/div>\n\t\t\t\t\t<\/div>\n\t\t<\/section>\n\t\t\t\t<section class=\"elementor-section elementor-top-section elementor-element elementor-element-198bcc5 elementor-section-boxed elementor-section-height-default elementor-section-height-default\" data-id=\"198bcc5\" data-element_type=\"section\" data-e-type=\"section\">\n\t\t\t\t\t\t<div class=\"elementor-container elementor-column-gap-default\">\n\t\t\t\t\t<div class=\"elementor-column elementor-col-50 elementor-top-column elementor-element elementor-element-9822a54\" data-id=\"9822a54\" data-element_type=\"column\" data-e-type=\"column\">\n\t\t\t<div class=\"elementor-widget-wrap elementor-element-populated\">\n\t\t\t\t\t\t<div class=\"elementor-element elementor-element-3ead177 elementor-widget elementor-widget-video\" data-id=\"3ead177\" data-element_type=\"widget\" data-e-type=\"widget\" data-settings=\"{&quot;youtube_url&quot;:&quot;https:\\\/\\\/www.youtube.com\\\/watch?v=EWdjfio-ZyE&amp;ab_channel=SocialPassSwitzerland&quot;,&quot;video_type&quot;:&quot;youtube&quot;,&quot;controls&quot;:&quot;yes&quot;}\" data-widget_type=\"video.default\">\n\t\t\t\t<div class=\"elementor-widget-container\">\n\t\t\t\t\t\t\t<div class=\"elementor-wrapper elementor-open-inline\">\n\t\t\t<div class=\"elementor-video\"><\/div>\t\t<\/div>\n\t\t\t\t\t\t<\/div>\n\t\t\t\t<\/div>\n\t\t\t\t\t<\/div>\n\t\t<\/div>\n\t\t\t\t<div class=\"elementor-column elementor-col-50 elementor-top-column elementor-element elementor-element-fe34a1d\" data-id=\"fe34a1d\" data-element_type=\"column\" data-e-type=\"column\">\n\t\t\t<div class=\"elementor-widget-wrap elementor-element-populated\">\n\t\t\t\t\t\t<div class=\"elementor-element elementor-element-0d05528 elementor-widget elementor-widget-video\" data-id=\"0d05528\" data-element_type=\"widget\" data-e-type=\"widget\" data-settings=\"{&quot;youtube_url&quot;:&quot;https:\\\/\\\/www.youtube.com\\\/watch?v=aoI-Jyrsthk&amp;ab_channel=SocialPassSwitzerland&quot;,&quot;video_type&quot;:&quot;youtube&quot;,&quot;controls&quot;:&quot;yes&quot;}\" data-widget_type=\"video.default\">\n\t\t\t\t<div class=\"elementor-widget-container\">\n\t\t\t\t\t\t\t<div class=\"elementor-wrapper elementor-open-inline\">\n\t\t\t<div class=\"elementor-video\"><\/div>\t\t<\/div>\n\t\t\t\t\t\t<\/div>\n\t\t\t\t<\/div>\n\t\t\t\t\t<\/div>\n\t\t<\/div>\n\t\t\t\t\t<\/div>\n\t\t<\/section>\n\t\t\t\t<section class=\"elementor-section elementor-top-section elementor-element elementor-element-1b5ddce elementor-section-boxed elementor-section-height-default elementor-section-height-default\" data-id=\"1b5ddce\" data-element_type=\"section\" data-e-type=\"section\">\n\t\t\t\t\t\t<div class=\"elementor-container elementor-column-gap-default\">\n\t\t\t\t\t<div class=\"elementor-column elementor-col-100 elementor-top-column elementor-element elementor-element-32360f5\" data-id=\"32360f5\" data-element_type=\"column\" data-e-type=\"column\">\n\t\t\t<div class=\"elementor-widget-wrap elementor-element-populated\">\n\t\t\t\t\t\t<div class=\"elementor-element elementor-element-8a98b70 elementor-widget elementor-widget-image\" data-id=\"8a98b70\" data-element_type=\"widget\" data-e-type=\"widget\" data-widget_type=\"image.default\">\n\t\t\t\t<div class=\"elementor-widget-container\">\n\t\t\t\t\t\t\t\t\t\t\t\t\t\t\t<img fetchpriority=\"high\" decoding=\"async\" width=\"600\" height=\"600\" src=\"https:\/\/www.thinkweb.ch\/wp-content\/uploads\/2022\/11\/Joyeux-Noe\u0308l-anime-SH-2-petit.gif\" class=\"attachment-large size-large wp-image-1721\" alt=\"\" sizes=\"100vw\" \/>\t\t\t\t\t\t\t\t\t\t\t\t\t\t\t<\/div>\n\t\t\t\t<\/div>\n\t\t\t\t\t<\/div>\n\t\t<\/div>\n\t\t\t\t\t<\/div>\n\t\t<\/section>\n\t\t\t\t<section class=\"elementor-section elementor-top-section elementor-element elementor-element-9987a26 elementor-section-boxed elementor-section-height-default elementor-section-height-default\" data-id=\"9987a26\" data-element_type=\"section\" data-e-type=\"section\">\n\t\t\t\t\t\t<div class=\"elementor-container elementor-column-gap-default\">\n\t\t\t\t\t<div class=\"elementor-column elementor-col-100 elementor-top-column elementor-element elementor-element-124296b5\" data-id=\"124296b5\" data-element_type=\"column\" data-e-type=\"column\">\n\t\t\t<div class=\"elementor-widget-wrap elementor-element-populated\">\n\t\t\t\t\t\t<div class=\"elementor-element elementor-element-57883fdd elementor-widget elementor-widget-text-editor\" data-id=\"57883fdd\" data-element_type=\"widget\" data-e-type=\"widget\" data-widget_type=\"text-editor.default\">\n\t\t\t\t<div class=\"elementor-widget-container\">\n\t\t\t\t\t\t\t\t\t<p><span class=\"text-grand\">\u273f \u273f \u273f Animations et illustrations \u00ab\u00a0CareerGames\u00a0\u00bb\u00a0<\/span><span class=\"text-grand\">\u273f \u273f<\/span> <span class=\"text-grand\">\u273f <\/span> <span class=\"test-rouge\"><a href=\"http:\/\/www.thinkweb.ch\/CareerGames\/index.html\" target=\"_blank\" rel=\"noopener noreferrer\">voir les animations <img decoding=\"async\" class=\"emoji\" role=\"img\" draggable=\"false\" src=\"https:\/\/s.w.org\/images\/core\/emoji\/13.0.0\/svg\/2b07.svg\" alt=\"\u2b07\" \/><\/a><a href=\"http:\/\/www.thinkweb.ch\/CareerGames\/index.html\" target=\"_blank\" rel=\"noopener noreferrer\"><img decoding=\"async\" class=\"alignnone wp-image-610 size-full\" src=\"http:\/\/www.thinkweb.ch\/wp-content\/uploads\/2016\/12\/flyers-porot2.jpg\" width=\"687\" height=\"472\" srcset=\"https:\/\/www.thinkweb.ch\/wp-content\/uploads\/2016\/12\/flyers-porot2.jpg 687w, https:\/\/www.thinkweb.ch\/wp-content\/uploads\/2016\/12\/flyers-porot2-300x206.jpg 300w\" sizes=\"(max-width: 687px) 100vw, 687px\" \/><\/a><\/span><\/p><p><span class=\"text-grand\">\u273f<\/span><span class=\"text-grand\"> \u273f \u273f Animations et illustrations pour le concours \u00ab\u00a0Aquaparc\u00a0\u00bb\u00a0<\/span><span class=\"text-grand\">\u273f \u273f<\/span> <span class=\"text-grand\">\u273f<\/span><\/p><p><img decoding=\"async\" class=\"alignnone wp-image-855 size-full\" src=\"http:\/\/www.thinkweb.ch\/wp-content\/uploads\/2017\/05\/concours.gif\" alt=\"\" width=\"494\" height=\"379\" \/><\/p><p><span class=\"text-grand\">\u273f<\/span><span class=\"text-grand\"> \u273f \u273f Animations de logos r\u00e9alis\u00e9es pour les campagnes digital <\/span><span class=\"text-grand\">\u273f \u273f<\/span> <span class=\"text-grand\">\u273f<\/span><\/p><p><img loading=\"lazy\" decoding=\"async\" class=\"alignnone wp-image-1081 size-full\" src=\"https:\/\/www.thinkweb.ch\/wp-content\/uploads\/2020\/04\/banner-anime-krebs.gif\" alt=\"\" width=\"494\" height=\"253\" \/><\/p><p><img loading=\"lazy\" decoding=\"async\" class=\"alignnone wp-image-1083 size-full\" src=\"https:\/\/www.thinkweb.ch\/wp-content\/uploads\/2020\/04\/logo-anime-viquerat.gif\" alt=\"\" width=\"519\" height=\"247\" \/><\/p><p><img loading=\"lazy\" decoding=\"async\" class=\"alignnone wp-image-1082 size-full\" src=\"https:\/\/www.thinkweb.ch\/wp-content\/uploads\/2020\/04\/sold-out-2.gif\" alt=\"\" width=\"600\" height=\"456\" \/><\/p><p>SNK Elite &#8211; Prot\u00e8ges tibias connect\u00e9s et personnalis\u00e9s<br \/><img loading=\"lazy\" decoding=\"async\" class=\"alignnone wp-image-914 size-full\" src=\"http:\/\/www.thinkweb.ch\/wp-content\/uploads\/2016\/12\/animeSNK-Elite.gif\" alt=\"\" width=\"425\" height=\"756\" \/><\/p><p><div style=\"width: 480px;\" class=\"wp-video\"><!--[if lt IE 9]><script>document.createElement('video');<\/script><![endif]-->\n<video class=\"wp-video-shortcode\" id=\"video-613-1\" width=\"480\" height=\"854\" preload=\"metadata\" controls=\"controls\"><source type=\"video\/mp4\" src=\"http:\/\/www.thinkweb.ch\/wp-content\/uploads\/2016\/12\/inscripcion-alto2.mp4?_=1\" \/><a href=\"http:\/\/www.thinkweb.ch\/wp-content\/uploads\/2016\/12\/inscripcion-alto2.mp4\">http:\/\/www.thinkweb.ch\/wp-content\/uploads\/2016\/12\/inscripcion-alto2.mp4<\/a><\/video><\/div><\/p><p><div style=\"width: 480px;\" class=\"wp-video\"><video class=\"wp-video-shortcode\" id=\"video-613-2\" width=\"480\" height=\"854\" preload=\"metadata\" controls=\"controls\"><source type=\"video\/mp4\" src=\"http:\/\/www.thinkweb.ch\/wp-content\/uploads\/2016\/12\/alto-music2.mp4?_=2\" \/><a href=\"http:\/\/www.thinkweb.ch\/wp-content\/uploads\/2016\/12\/alto-music2.mp4\">http:\/\/www.thinkweb.ch\/wp-content\/uploads\/2016\/12\/alto-music2.mp4<\/a><\/video><\/div><\/p><p><span class=\"text-grand\">\u273f \u273f \u273f Animations et illustrations \u00ab\u00a0Namast\u00e9\u00a0\u00bb\u00a0<\/span><span class=\"text-grand\">\u273f \u273f<\/span> <span class=\"text-grand\">\u273f<\/span><\/p><p>\u00a0<\/p>\t\t\t\t\t\t\t\t<\/div>\n\t\t\t\t<\/div>\n\t\t\t\t\t<\/div>\n\t\t<\/div>\n\t\t\t\t\t<\/div>\n\t\t<\/section>\n\t\t\t\t<section class=\"elementor-section elementor-top-section elementor-element elementor-element-6ff17a4 elementor-section-boxed elementor-section-height-default elementor-section-height-default\" data-id=\"6ff17a4\" data-element_type=\"section\" data-e-type=\"section\">\n\t\t\t\t\t\t<div class=\"elementor-container elementor-column-gap-default\">\n\t\t\t\t\t<div class=\"elementor-column elementor-col-100 elementor-top-column elementor-element elementor-element-c457c08\" data-id=\"c457c08\" data-element_type=\"column\" data-e-type=\"column\">\n\t\t\t<div class=\"elementor-widget-wrap elementor-element-populated\">\n\t\t\t\t\t\t<div class=\"elementor-element elementor-element-c0b523d elementor-widget elementor-widget-image\" data-id=\"c0b523d\" data-element_type=\"widget\" data-e-type=\"widget\" data-widget_type=\"image.default\">\n\t\t\t\t<div class=\"elementor-widget-container\">\n\t\t\t\t\t\t\t\t\t\t\t\t\t\t\t<img loading=\"lazy\" decoding=\"async\" width=\"1920\" height=\"1080\" src=\"https:\/\/www.thinkweb.ch\/wp-content\/uploads\/2022\/03\/jour-24-pajaritos-escala.gif\" class=\"attachment-full size-full wp-image-1548\" alt=\"\" sizes=\"100vw\" \/>\t\t\t\t\t\t\t\t\t\t\t\t\t\t\t<\/div>\n\t\t\t\t<\/div>\n\t\t\t\t\t<\/div>\n\t\t<\/div>\n\t\t\t\t\t<\/div>\n\t\t<\/section>\n\t\t\t\t<section class=\"elementor-section elementor-top-section elementor-element elementor-element-dacb1a1 elementor-section-boxed elementor-section-height-default elementor-section-height-default\" data-id=\"dacb1a1\" data-element_type=\"section\" data-e-type=\"section\">\n\t\t\t\t\t\t<div class=\"elementor-container elementor-column-gap-default\">\n\t\t\t\t\t<div class=\"elementor-column elementor-col-100 elementor-top-column elementor-element elementor-element-8d6ab8e\" data-id=\"8d6ab8e\" data-element_type=\"column\" data-e-type=\"column\">\n\t\t\t<div class=\"elementor-widget-wrap elementor-element-populated\">\n\t\t\t\t\t\t<div class=\"elementor-element elementor-element-5f29ce1 elementor-widget elementor-widget-image\" data-id=\"5f29ce1\" data-element_type=\"widget\" data-e-type=\"widget\" data-widget_type=\"image.default\">\n\t\t\t\t<div class=\"elementor-widget-container\">\n\t\t\t\t\t\t\t\t\t\t\t\t\t\t\t<img loading=\"lazy\" decoding=\"async\" width=\"1920\" height=\"1080\" src=\"https:\/\/www.thinkweb.ch\/wp-content\/uploads\/2022\/03\/jour-26-echec-et-mate.gif\" class=\"attachment-full size-full wp-image-1564\" alt=\"\" sizes=\"100vw\" \/>\t\t\t\t\t\t\t\t\t\t\t\t\t\t\t<\/div>\n\t\t\t\t<\/div>\n\t\t\t\t\t<\/div>\n\t\t<\/div>\n\t\t\t\t\t<\/div>\n\t\t<\/section>\n\t\t\t\t<section class=\"elementor-section elementor-top-section elementor-element elementor-element-8125baf elementor-section-boxed elementor-section-height-default elementor-section-height-default\" data-id=\"8125baf\" data-element_type=\"section\" data-e-type=\"section\">\n\t\t\t\t\t\t<div class=\"elementor-container elementor-column-gap-default\">\n\t\t\t\t\t<div class=\"elementor-column elementor-col-100 elementor-top-column elementor-element elementor-element-806158b\" data-id=\"806158b\" data-element_type=\"column\" data-e-type=\"column\">\n\t\t\t<div class=\"elementor-widget-wrap elementor-element-populated\">\n\t\t\t\t\t\t<div class=\"elementor-element elementor-element-2252afa elementor-widget elementor-widget-image\" data-id=\"2252afa\" data-element_type=\"widget\" data-e-type=\"widget\" data-widget_type=\"image.default\">\n\t\t\t\t<div class=\"elementor-widget-container\">\n\t\t\t\t\t\t\t\t\t\t\t\t\t\t\t<img loading=\"lazy\" decoding=\"async\" width=\"1920\" height=\"1080\" src=\"https:\/\/www.thinkweb.ch\/wp-content\/uploads\/2022\/03\/7nov-2eme-vague.gif\" class=\"attachment-full size-full wp-image-1549\" alt=\"\" sizes=\"100vw\" \/>\t\t\t\t\t\t\t\t\t\t\t\t\t\t\t<\/div>\n\t\t\t\t<\/div>\n\t\t\t\t\t<\/div>\n\t\t<\/div>\n\t\t\t\t\t<\/div>\n\t\t<\/section>\n\t\t\t\t<section class=\"elementor-section elementor-top-section elementor-element elementor-element-7a4aa71 elementor-section-boxed elementor-section-height-default elementor-section-height-default\" data-id=\"7a4aa71\" data-element_type=\"section\" data-e-type=\"section\">\n\t\t\t\t\t\t<div class=\"elementor-container elementor-column-gap-default\">\n\t\t\t\t\t<div class=\"elementor-column elementor-col-100 elementor-top-column elementor-element elementor-element-c823d1a\" data-id=\"c823d1a\" data-element_type=\"column\" data-e-type=\"column\">\n\t\t\t<div class=\"elementor-widget-wrap elementor-element-populated\">\n\t\t\t\t\t\t<div class=\"elementor-element elementor-element-348b930 elementor-widget elementor-widget-image\" data-id=\"348b930\" data-element_type=\"widget\" data-e-type=\"widget\" data-widget_type=\"image.default\">\n\t\t\t\t<div class=\"elementor-widget-container\">\n\t\t\t\t\t\t\t\t\t\t\t\t\t\t\t<img loading=\"lazy\" decoding=\"async\" width=\"1920\" height=\"1080\" src=\"https:\/\/www.thinkweb.ch\/wp-content\/uploads\/2022\/03\/19-12-20-2.gif\" class=\"attachment-full size-full wp-image-1556\" alt=\"\" sizes=\"100vw\" \/>\t\t\t\t\t\t\t\t\t\t\t\t\t\t\t<\/div>\n\t\t\t\t<\/div>\n\t\t\t\t\t<\/div>\n\t\t<\/div>\n\t\t\t\t\t<\/div>\n\t\t<\/section>\n\t\t\t\t<section class=\"elementor-section elementor-top-section elementor-element elementor-element-f8cca8d elementor-section-boxed elementor-section-height-default elementor-section-height-default\" data-id=\"f8cca8d\" data-element_type=\"section\" data-e-type=\"section\">\n\t\t\t\t\t\t<div class=\"elementor-container elementor-column-gap-default\">\n\t\t\t\t\t<div class=\"elementor-column elementor-col-100 elementor-top-column elementor-element elementor-element-83438f1\" data-id=\"83438f1\" data-element_type=\"column\" data-e-type=\"column\">\n\t\t\t<div class=\"elementor-widget-wrap elementor-element-populated\">\n\t\t\t\t\t\t<div class=\"elementor-element elementor-element-ed73812 elementor-widget elementor-widget-image\" data-id=\"ed73812\" data-element_type=\"widget\" data-e-type=\"widget\" data-widget_type=\"image.default\">\n\t\t\t\t<div class=\"elementor-widget-container\">\n\t\t\t\t\t\t\t\t\t\t\t\t\t\t\t<img loading=\"lazy\" decoding=\"async\" width=\"567\" height=\"807\" src=\"https:\/\/www.thinkweb.ch\/wp-content\/uploads\/2020\/04\/coronavirus.gif\" class=\"attachment-large size-large wp-image-1085\" alt=\"\" sizes=\"100vw\" \/>\t\t\t\t\t\t\t\t\t\t\t\t\t\t\t<\/div>\n\t\t\t\t<\/div>\n\t\t\t\t\t<\/div>\n\t\t<\/div>\n\t\t\t\t\t<\/div>\n\t\t<\/section>\n\t\t\t\t<\/div>\n\t\t ","protected":false},"excerpt":{"rendered":"<p>\u273f \u273f \u273f Animations et illustrations \u00ab\u00a0CareerGames\u00a0\u00bb\u00a0\u273f \u273f \u273f voir les animations \u273f \u273f \u273f Animations et illustrations pour le concours \u00ab\u00a0Aquaparc\u00a0\u00bb\u00a0\u273f \u273f \u273f \u273f \u273f \u273f Animations de logos r\u00e9alis\u00e9es pour les campagnes digital \u273f \u273f \u273f SNK Elite &#8211; Prot\u00e8ges tibias connect\u00e9s et personnalis\u00e9s \u273f \u273f \u273f Animations et illustrations \u00ab\u00a0Namast\u00e9\u00a0\u00bb\u00a0\u273f \u273f \u273f &hellip; <\/p>\n<p class=\"link-more\"><a href=\"https:\/\/www.thinkweb.ch\/en\/graphic-design\/animations\/\" class=\"more-link\">Continue reading<span class=\"screen-reader-text\"> \u00ab\u00a0Animations\u00a0\u00bb<\/span><\/a><\/p>","protected":false},"author":1,"featured_media":0,"parent":65,"menu_order":3,"comment_status":"closed","ping_status":"closed","template":"","meta":{"footnotes":""},"class_list":["post-613","page","type-page","status-publish","hentry"],"yoast_head":"<!-- This site is optimized with the Yoast SEO plugin v24.6 - https:\/\/yoast.com\/wordpress\/plugins\/seo\/ -->\n<title>Animations |<\/title>\n<meta name=\"robots\" content=\"index, follow, max-snippet:-1, max-image-preview:large, max-video-preview:-1\" \/>\n<link rel=\"canonical\" href=\"https:\/\/www.thinkweb.ch\/en\/graphic-design\/animations\/\" \/>\n<meta property=\"og:locale\" content=\"en_US\" \/>\n<meta property=\"og:type\" content=\"article\" \/>\n<meta property=\"og:title\" content=\"Animations |\" \/>\n<meta property=\"og:description\" content=\"\u273f \u273f \u273f Animations et illustrations \u00ab\u00a0CareerGames\u00a0\u00bb\u00a0\u273f \u273f \u273f voir les animations \u273f \u273f \u273f Animations et illustrations pour le concours \u00ab\u00a0Aquaparc\u00a0\u00bb\u00a0\u273f \u273f \u273f \u273f \u273f \u273f Animations de logos r\u00e9alis\u00e9es pour les campagnes digital \u273f \u273f \u273f SNK Elite &#8211; Prot\u00e8ges tibias connect\u00e9s et personnalis\u00e9s \u273f \u273f \u273f Animations et illustrations \u00ab\u00a0Namast\u00e9\u00a0\u00bb\u00a0\u273f \u273f \u273f &hellip; Continue reading &quot;Animations&quot;\" \/>\n<meta property=\"og:url\" content=\"https:\/\/www.thinkweb.ch\/en\/graphic-design\/animations\/\" \/>\n<meta property=\"article:modified_time\" content=\"2022-11-02T08:09:24+00:00\" \/>\n<meta property=\"og:image\" content=\"https:\/\/s.w.org\/images\/core\/emoji\/13.0.0\/svg\/2b07.svg\" \/>\n<meta name=\"twitter:card\" content=\"summary_large_image\" \/>\n<meta name=\"twitter:label1\" content=\"Est. reading time\" \/>\n\t<meta name=\"twitter:data1\" content=\"3 minutes\" \/>\n<script type=\"application\/ld+json\" class=\"yoast-schema-graph\">{\"@context\":\"https:\/\/schema.org\",\"@graph\":[{\"@type\":\"WebPage\",\"@id\":\"https:\/\/www.thinkweb.ch\/graphic-design\/animations\/\",\"url\":\"https:\/\/www.thinkweb.ch\/graphic-design\/animations\/\",\"name\":\"Animations |\",\"isPartOf\":{\"@id\":\"https:\/\/www.thinkweb.ch\/#website\"},\"primaryImageOfPage\":{\"@id\":\"https:\/\/www.thinkweb.ch\/graphic-design\/animations\/#primaryimage\"},\"image\":{\"@id\":\"https:\/\/www.thinkweb.ch\/graphic-design\/animations\/#primaryimage\"},\"thumbnailUrl\":\"https:\/\/s.w.org\/images\/core\/emoji\/13.0.0\/svg\/2b07.svg\",\"datePublished\":\"2016-12-20T09:42:04+00:00\",\"dateModified\":\"2022-11-02T08:09:24+00:00\",\"breadcrumb\":{\"@id\":\"https:\/\/www.thinkweb.ch\/graphic-design\/animations\/#breadcrumb\"},\"inLanguage\":\"en-US\",\"potentialAction\":[{\"@type\":\"ReadAction\",\"target\":[\"https:\/\/www.thinkweb.ch\/graphic-design\/animations\/\"]}]},{\"@type\":\"ImageObject\",\"inLanguage\":\"en-US\",\"@id\":\"https:\/\/www.thinkweb.ch\/graphic-design\/animations\/#primaryimage\",\"url\":\"https:\/\/s.w.org\/images\/core\/emoji\/13.0.0\/svg\/2b07.svg\",\"contentUrl\":\"https:\/\/s.w.org\/images\/core\/emoji\/13.0.0\/svg\/2b07.svg\"},{\"@type\":\"BreadcrumbList\",\"@id\":\"https:\/\/www.thinkweb.ch\/graphic-design\/animations\/#breadcrumb\",\"itemListElement\":[{\"@type\":\"ListItem\",\"position\":1,\"name\":\"Accueil\",\"item\":\"https:\/\/www.thinkweb.ch\/\"},{\"@type\":\"ListItem\",\"position\":2,\"name\":\"GRAPHIC DESIGN\",\"item\":\"https:\/\/www.thinkweb.ch\/graphic-design\/\"},{\"@type\":\"ListItem\",\"position\":3,\"name\":\"Animations\"}]},{\"@type\":\"WebSite\",\"@id\":\"https:\/\/www.thinkweb.ch\/#website\",\"url\":\"https:\/\/www.thinkweb.ch\/\",\"name\":\"\",\"description\":\"Be diff\u00e9rent ThinkWeb\",\"potentialAction\":[{\"@type\":\"SearchAction\",\"target\":{\"@type\":\"EntryPoint\",\"urlTemplate\":\"https:\/\/www.thinkweb.ch\/?s={search_term_string}\"},\"query-input\":{\"@type\":\"PropertyValueSpecification\",\"valueRequired\":true,\"valueName\":\"search_term_string\"}}],\"inLanguage\":\"en-US\"}]}<\/script>\n<!-- \/ Yoast SEO plugin. -->","yoast_head_json":{"title":"Animations |","robots":{"index":"index","follow":"follow","max-snippet":"max-snippet:-1","max-image-preview":"max-image-preview:large","max-video-preview":"max-video-preview:-1"},"canonical":"https:\/\/www.thinkweb.ch\/en\/graphic-design\/animations\/","og_locale":"en_US","og_type":"article","og_title":"Animations |","og_description":"\u273f \u273f \u273f Animations et illustrations \u00ab\u00a0CareerGames\u00a0\u00bb\u00a0\u273f \u273f \u273f voir les animations \u273f \u273f \u273f Animations et illustrations pour le concours \u00ab\u00a0Aquaparc\u00a0\u00bb\u00a0\u273f \u273f \u273f \u273f \u273f \u273f Animations de logos r\u00e9alis\u00e9es pour les campagnes digital \u273f \u273f \u273f SNK Elite &#8211; Prot\u00e8ges tibias connect\u00e9s et personnalis\u00e9s \u273f \u273f \u273f Animations et illustrations \u00ab\u00a0Namast\u00e9\u00a0\u00bb\u00a0\u273f \u273f \u273f &hellip; Continue reading \"Animations\"","og_url":"https:\/\/www.thinkweb.ch\/en\/graphic-design\/animations\/","article_modified_time":"2022-11-02T08:09:24+00:00","og_image":[{"url":"https:\/\/s.w.org\/images\/core\/emoji\/13.0.0\/svg\/2b07.svg","type":"","width":"","height":""}],"twitter_card":"summary_large_image","twitter_misc":{"Est. reading time":"3 minutes"},"schema":{"@context":"https:\/\/schema.org","@graph":[{"@type":"WebPage","@id":"https:\/\/www.thinkweb.ch\/graphic-design\/animations\/","url":"https:\/\/www.thinkweb.ch\/graphic-design\/animations\/","name":"Animations |","isPartOf":{"@id":"https:\/\/www.thinkweb.ch\/#website"},"primaryImageOfPage":{"@id":"https:\/\/www.thinkweb.ch\/graphic-design\/animations\/#primaryimage"},"image":{"@id":"https:\/\/www.thinkweb.ch\/graphic-design\/animations\/#primaryimage"},"thumbnailUrl":"https:\/\/s.w.org\/images\/core\/emoji\/13.0.0\/svg\/2b07.svg","datePublished":"2016-12-20T09:42:04+00:00","dateModified":"2022-11-02T08:09:24+00:00","breadcrumb":{"@id":"https:\/\/www.thinkweb.ch\/graphic-design\/animations\/#breadcrumb"},"inLanguage":"en-US","potentialAction":[{"@type":"ReadAction","target":["https:\/\/www.thinkweb.ch\/graphic-design\/animations\/"]}]},{"@type":"ImageObject","inLanguage":"en-US","@id":"https:\/\/www.thinkweb.ch\/graphic-design\/animations\/#primaryimage","url":"https:\/\/s.w.org\/images\/core\/emoji\/13.0.0\/svg\/2b07.svg","contentUrl":"https:\/\/s.w.org\/images\/core\/emoji\/13.0.0\/svg\/2b07.svg"},{"@type":"BreadcrumbList","@id":"https:\/\/www.thinkweb.ch\/graphic-design\/animations\/#breadcrumb","itemListElement":[{"@type":"ListItem","position":1,"name":"Accueil","item":"https:\/\/www.thinkweb.ch\/"},{"@type":"ListItem","position":2,"name":"GRAPHIC DESIGN","item":"https:\/\/www.thinkweb.ch\/graphic-design\/"},{"@type":"ListItem","position":3,"name":"Animations"}]},{"@type":"WebSite","@id":"https:\/\/www.thinkweb.ch\/#website","url":"https:\/\/www.thinkweb.ch\/","name":"","description":"Be diff\u00e9rent ThinkWeb","potentialAction":[{"@type":"SearchAction","target":{"@type":"EntryPoint","urlTemplate":"https:\/\/www.thinkweb.ch\/?s={search_term_string}"},"query-input":{"@type":"PropertyValueSpecification","valueRequired":true,"valueName":"search_term_string"}}],"inLanguage":"en-US"}]}},"jetpack_sharing_enabled":true,"_links":{"self":[{"href":"https:\/\/www.thinkweb.ch\/en\/wp-json\/wp\/v2\/pages\/613"}],"collection":[{"href":"https:\/\/www.thinkweb.ch\/en\/wp-json\/wp\/v2\/pages"}],"about":[{"href":"https:\/\/www.thinkweb.ch\/en\/wp-json\/wp\/v2\/types\/page"}],"author":[{"embeddable":true,"href":"https:\/\/www.thinkweb.ch\/en\/wp-json\/wp\/v2\/users\/1"}],"replies":[{"embeddable":true,"href":"https:\/\/www.thinkweb.ch\/en\/wp-json\/wp\/v2\/comments?post=613"}],"version-history":[{"count":64,"href":"https:\/\/www.thinkweb.ch\/en\/wp-json\/wp\/v2\/pages\/613\/revisions"}],"predecessor-version":[{"id":1735,"href":"https:\/\/www.thinkweb.ch\/en\/wp-json\/wp\/v2\/pages\/613\/revisions\/1735"}],"up":[{"embeddable":true,"href":"https:\/\/www.thinkweb.ch\/en\/wp-json\/wp\/v2\/pages\/65"}],"wp:attachment":[{"href":"https:\/\/www.thinkweb.ch\/en\/wp-json\/wp\/v2\/media?parent=613"}],"curies":[{"name":"wp","href":"https:\/\/api.w.org\/{rel}","templated":true}]}}