{"id":65,"date":"2016-12-12T16:40:59","date_gmt":"2016-12-12T16:40:59","guid":{"rendered":"http:\/\/www.thinkweb.ch\/wp\/?page_id=65"},"modified":"2023-06-21T08:01:21","modified_gmt":"2023-06-21T08:01:21","slug":"graphic-design","status":"publish","type":"page","link":"https:\/\/www.thinkweb.ch\/en\/graphic-design\/","title":{"rendered":"GRAPHIC DESIGN"},"content":{"rendered":"<div data-elementor-type=\"wp-page\" data-elementor-id=\"65\" class=\"elementor elementor-65\">\n\t\t\t\t\t\t<section class=\"elementor-section elementor-top-section elementor-element elementor-element-d3e3ce7 elementor-section-boxed elementor-section-height-default elementor-section-height-default\" data-id=\"d3e3ce7\" data-element_type=\"section\" data-e-type=\"section\">\n\t\t\t\t\t\t<div class=\"elementor-container elementor-column-gap-default\">\n\t\t\t\t\t<div class=\"elementor-column elementor-col-100 elementor-top-column elementor-element elementor-element-57d4e28\" data-id=\"57d4e28\" data-element_type=\"column\" data-e-type=\"column\">\n\t\t\t<div class=\"elementor-widget-wrap elementor-element-populated\">\n\t\t\t\t\t\t<div class=\"elementor-element elementor-element-64258efe elementor-widget elementor-widget-text-editor\" data-id=\"64258efe\" data-element_type=\"widget\" data-e-type=\"widget\" data-widget_type=\"text-editor.default\">\n\t\t\t\t<div class=\"elementor-widget-container\">\n\t\t\t\t\t\t\t\t\t<h2>A PICTURE IS WORTH A THOUSAND WORDS<\/h2><h3><span style=\"color: #c4c4c4;\">Need leaflets, brochures, flyers, business cards, letterheads, logos, illustrations, or your complete graphic design? We create them for you.\u00a0<\/span><\/h3><p><span style=\"color: #90b818;\"><a style=\"color: #90b818;\" href=\"http:\/\/www.thinkweb.ch\/en\/graphic-design\/support-papier\/\">SUPPORT PAPIER<\/a> \u00a0 \u00a0I \u00a0 \u00a0<a style=\"color: #90b818;\" href=\"http:\/\/www.thinkweb.ch\/en\/graphic-design\/logos\/\">LOGOS<\/a>\u00a0 I \u00a0<span style=\"color: #99cc00;\"><a style=\"color: #99cc00;\" href=\"http:\/\/www.thinkweb.ch\/en\/graphic-design\/animations\/\">ANIMATIONS<\/a><\/span><\/span><\/p><p><span style=\"color: #59a324;\"><a style=\"color: #59a324;\" href=\"http:\/\/www.thinkweb.ch\/en\/graphic-design\/logos\/\"><br \/><\/a><a href=\"http:\/\/www.thinkweb.ch\/en\/illustrations\/\"><img decoding=\"async\" class=\"alignnone wp-image-644\" src=\"http:\/\/www.thinkweb.ch\/wp-content\/uploads\/2016\/12\/logo-index.png\" alt=\"GRAPHIC DESIGN Thinkweb\" width=\"33\" height=\"33\" \/><\/a><\/span><\/p><h2><span style=\"color: #ffffff;\">GRAPHIC DESIGN<\/span><\/h2>\t\t\t\t\t\t\t\t<\/div>\n\t\t\t\t<\/div>\n\t\t\t\t\t<\/div>\n\t\t<\/div>\n\t\t\t\t\t<\/div>\n\t\t<\/section>\n\t\t\t\t<\/div>","protected":false},"excerpt":{"rendered":"<p>UNE IMAGE VAUT MILLE MOTS Besoin de plaquettes, brochures, flyers, cartes de visite, papier \u00e0 ent\u00eate, logos, illustrations ou de votre charte graphique compl\u00e8te ? Nous les cr\u00e9ons pour vous.\u00a0 SUPPORT PAPIER \u00a0 \u00a0I \u00a0 \u00a0LOGOS\u00a0 I \u00a0ANIMATIONS GRAPHIC DESIGN<\/p>","protected":false},"author":1,"featured_media":67,"parent":0,"menu_order":0,"comment_status":"closed","ping_status":"closed","template":"","meta":{"footnotes":""},"class_list":["post-65","page","type-page","status-publish","has-post-thumbnail","hentry"],"yoast_head":"<!-- This site is optimized with the Yoast SEO plugin v24.6 - https:\/\/yoast.com\/wordpress\/plugins\/seo\/ -->\n<title>GRAPHIC DESIGN I Web design I Brochures I Logos I Flyers<\/title>\n<meta name=\"description\" content=\"GRAPHIC DESIGN, r\u00e9alisation de plaquettes, brochures, flyers, cartes de visite, papier ent\u00eate, logos, illustrations ou de votre charte graphique.\" \/>\n<meta name=\"robots\" content=\"index, follow, max-snippet:-1, max-image-preview:large, max-video-preview:-1\" \/>\n<link rel=\"canonical\" href=\"https:\/\/www.thinkweb.ch\/en\/graphic-design\/\" \/>\n<meta property=\"og:locale\" content=\"en_US\" \/>\n<meta property=\"og:type\" content=\"article\" \/>\n<meta property=\"og:title\" content=\"GRAPHIC DESIGN I Web design I Brochures I Logos I Flyers\" \/>\n<meta property=\"og:description\" content=\"GRAPHIC DESIGN, r\u00e9alisation de plaquettes, brochures, flyers, cartes de visite, papier ent\u00eate, logos, illustrations ou de votre charte graphique.\" \/>\n<meta property=\"og:url\" content=\"https:\/\/www.thinkweb.ch\/en\/graphic-design\/\" \/>\n<meta property=\"article:modified_time\" content=\"2023-06-21T08:01:21+00:00\" \/>\n<meta name=\"twitter:card\" content=\"summary_large_image\" \/>\n<meta name=\"twitter:label1\" content=\"Est. reading time\" \/>\n\t<meta name=\"twitter:data1\" content=\"1 minute\" \/>\n<script type=\"application\/ld+json\" class=\"yoast-schema-graph\">{\"@context\":\"https:\/\/schema.org\",\"@graph\":[{\"@type\":\"WebPage\",\"@id\":\"https:\/\/www.thinkweb.ch\/graphic-design\/\",\"url\":\"https:\/\/www.thinkweb.ch\/graphic-design\/\",\"name\":\"GRAPHIC DESIGN I Web design I Brochures I Logos I Flyers\",\"isPartOf\":{\"@id\":\"https:\/\/www.thinkweb.ch\/#website\"},\"primaryImageOfPage\":{\"@id\":\"https:\/\/www.thinkweb.ch\/graphic-design\/#primaryimage\"},\"image\":{\"@id\":\"https:\/\/www.thinkweb.ch\/graphic-design\/#primaryimage\"},\"thumbnailUrl\":\"\",\"datePublished\":\"2016-12-12T16:40:59+00:00\",\"dateModified\":\"2023-06-21T08:01:21+00:00\",\"description\":\"GRAPHIC DESIGN, r\u00e9alisation de plaquettes, brochures, flyers, cartes de visite, papier ent\u00eate, logos, illustrations ou de votre charte graphique.\",\"breadcrumb\":{\"@id\":\"https:\/\/www.thinkweb.ch\/graphic-design\/#breadcrumb\"},\"inLanguage\":\"en-US\",\"potentialAction\":[{\"@type\":\"ReadAction\",\"target\":[\"https:\/\/www.thinkweb.ch\/graphic-design\/\"]}]},{\"@type\":\"ImageObject\",\"inLanguage\":\"en-US\",\"@id\":\"https:\/\/www.thinkweb.ch\/graphic-design\/#primaryimage\",\"url\":\"\",\"contentUrl\":\"\"},{\"@type\":\"BreadcrumbList\",\"@id\":\"https:\/\/www.thinkweb.ch\/graphic-design\/#breadcrumb\",\"itemListElement\":[{\"@type\":\"ListItem\",\"position\":1,\"name\":\"Accueil\",\"item\":\"https:\/\/www.thinkweb.ch\/\"},{\"@type\":\"ListItem\",\"position\":2,\"name\":\"GRAPHIC DESIGN\"}]},{\"@type\":\"WebSite\",\"@id\":\"https:\/\/www.thinkweb.ch\/#website\",\"url\":\"https:\/\/www.thinkweb.ch\/\",\"name\":\"\",\"description\":\"Be diff\u00e9rent ThinkWeb\",\"potentialAction\":[{\"@type\":\"SearchAction\",\"target\":{\"@type\":\"EntryPoint\",\"urlTemplate\":\"https:\/\/www.thinkweb.ch\/?s={search_term_string}\"},\"query-input\":{\"@type\":\"PropertyValueSpecification\",\"valueRequired\":true,\"valueName\":\"search_term_string\"}}],\"inLanguage\":\"en-US\"}]}<\/script>\n<!-- \/ Yoast SEO plugin. -->","yoast_head_json":{"title":"GRAPHIC DESIGN I Web design I Brochures I Logos I Flyers","description":"GRAPHIC DESIGN, r\u00e9alisation de plaquettes, brochures, flyers, cartes de visite, papier ent\u00eate, logos, illustrations ou de votre charte graphique.","robots":{"index":"index","follow":"follow","max-snippet":"max-snippet:-1","max-image-preview":"max-image-preview:large","max-video-preview":"max-video-preview:-1"},"canonical":"https:\/\/www.thinkweb.ch\/en\/graphic-design\/","og_locale":"en_US","og_type":"article","og_title":"GRAPHIC DESIGN I Web design I Brochures I Logos I Flyers","og_description":"GRAPHIC DESIGN, r\u00e9alisation de plaquettes, brochures, flyers, cartes de visite, papier ent\u00eate, logos, illustrations ou de votre charte graphique.","og_url":"https:\/\/www.thinkweb.ch\/en\/graphic-design\/","article_modified_time":"2023-06-21T08:01:21+00:00","twitter_card":"summary_large_image","twitter_misc":{"Est. reading time":"1 minute"},"schema":{"@context":"https:\/\/schema.org","@graph":[{"@type":"WebPage","@id":"https:\/\/www.thinkweb.ch\/graphic-design\/","url":"https:\/\/www.thinkweb.ch\/graphic-design\/","name":"GRAPHIC DESIGN I Web design I Brochures I Logos I Flyers","isPartOf":{"@id":"https:\/\/www.thinkweb.ch\/#website"},"primaryImageOfPage":{"@id":"https:\/\/www.thinkweb.ch\/graphic-design\/#primaryimage"},"image":{"@id":"https:\/\/www.thinkweb.ch\/graphic-design\/#primaryimage"},"thumbnailUrl":"","datePublished":"2016-12-12T16:40:59+00:00","dateModified":"2023-06-21T08:01:21+00:00","description":"GRAPHIC DESIGN, r\u00e9alisation de plaquettes, brochures, flyers, cartes de visite, papier ent\u00eate, logos, illustrations ou de votre charte graphique.","breadcrumb":{"@id":"https:\/\/www.thinkweb.ch\/graphic-design\/#breadcrumb"},"inLanguage":"en-US","potentialAction":[{"@type":"ReadAction","target":["https:\/\/www.thinkweb.ch\/graphic-design\/"]}]},{"@type":"ImageObject","inLanguage":"en-US","@id":"https:\/\/www.thinkweb.ch\/graphic-design\/#primaryimage","url":"","contentUrl":""},{"@type":"BreadcrumbList","@id":"https:\/\/www.thinkweb.ch\/graphic-design\/#breadcrumb","itemListElement":[{"@type":"ListItem","position":1,"name":"Accueil","item":"https:\/\/www.thinkweb.ch\/"},{"@type":"ListItem","position":2,"name":"GRAPHIC DESIGN"}]},{"@type":"WebSite","@id":"https:\/\/www.thinkweb.ch\/#website","url":"https:\/\/www.thinkweb.ch\/","name":"","description":"Be diff\u00e9rent ThinkWeb","potentialAction":[{"@type":"SearchAction","target":{"@type":"EntryPoint","urlTemplate":"https:\/\/www.thinkweb.ch\/?s={search_term_string}"},"query-input":{"@type":"PropertyValueSpecification","valueRequired":true,"valueName":"search_term_string"}}],"inLanguage":"en-US"}]}},"jetpack_sharing_enabled":true,"_links":{"self":[{"href":"https:\/\/www.thinkweb.ch\/en\/wp-json\/wp\/v2\/pages\/65"}],"collection":[{"href":"https:\/\/www.thinkweb.ch\/en\/wp-json\/wp\/v2\/pages"}],"about":[{"href":"https:\/\/www.thinkweb.ch\/en\/wp-json\/wp\/v2\/types\/page"}],"author":[{"embeddable":true,"href":"https:\/\/www.thinkweb.ch\/en\/wp-json\/wp\/v2\/users\/1"}],"replies":[{"embeddable":true,"href":"https:\/\/www.thinkweb.ch\/en\/wp-json\/wp\/v2\/comments?post=65"}],"version-history":[{"count":32,"href":"https:\/\/www.thinkweb.ch\/en\/wp-json\/wp\/v2\/pages\/65\/revisions"}],"predecessor-version":[{"id":1907,"href":"https:\/\/www.thinkweb.ch\/en\/wp-json\/wp\/v2\/pages\/65\/revisions\/1907"}],"wp:featuredmedia":[{"embeddable":true,"href":"https:\/\/www.thinkweb.ch\/en\/wp-json\/"}],"wp:attachment":[{"href":"https:\/\/www.thinkweb.ch\/en\/wp-json\/wp\/v2\/media?parent=65"}],"curies":[{"name":"wp","href":"https:\/\/api.w.org\/{rel}","templated":true}]}}