{"id":706,"date":"2017-01-18T08:55:50","date_gmt":"2017-01-18T08:55:50","guid":{"rendered":"http:\/\/www.thinkweb.ch\/?page_id=706"},"modified":"2020-03-26T21:45:51","modified_gmt":"2020-03-26T21:45:51","slug":"quelques-realisations","status":"publish","type":"page","link":"https:\/\/www.thinkweb.ch\/en\/quelques-realisations\/","title":{"rendered":"Quelques r\u00e9alisations"},"content":{"rendered":"<h3><span style=\"color: #808080;\">De la r\u00e9alisation de vos photos \u00e0 la cr\u00e9ation des illustrations, des animations et de l&rsquo;interface graphique de votre site internet,&nbsp;tout ce qui vous permettra de montrer l&rsquo;image que vous souhaitez sur internet.&nbsp;<span style=\"color: #ffffff;\">WEB DESIGN<\/span><\/span><\/h3>\n<p><span style=\"color: #c4c4c4;\">Think different! ThinkWeb&nbsp;<span style=\"color: #ff0000;\">\u2665&nbsp;<\/span><\/span><\/p>\n<p><a href=\"http:\/\/www.thinkweb.ch\/en\/graphic-design\/logos\/\"><img decoding=\"async\" class=\"alignnone wp-image-644\" src=\"http:\/\/www.thinkweb.ch\/wp-content\/uploads\/2016\/12\/logo-index.png\" alt=\"WEB DESIGN\" width=\"33\" height=\"33\"><\/a><\/p>\n<p><span style=\"font-size: 1rem;\"><span style=\"color: #ffffff;\">WEB DESIGN<\/span><br \/>\nQuelques r\u00e9alisations<\/span><\/p>\n<p><a href=\"http:\/\/www.go-move.ch\" target=\"_blank\" rel=\"noopener noreferrer\"><img decoding=\"async\" class=\"alignnone size-full wp-image-488\" src=\"http:\/\/www.thinkweb.ch\/wp-content\/uploads\/2016\/12\/go-move.jpg\" alt=\"\" width=\"227\" height=\"164\">&nbsp; &nbsp; &nbsp; &nbsp; &nbsp;<\/a><a href=\"http:\/\/www.presenting.ch\/wp\" target=\"_blank\" rel=\"noopener noreferrer\"><img decoding=\"async\" class=\"alignnone size-full wp-image-489\" src=\"http:\/\/www.thinkweb.ch\/wp-content\/uploads\/2016\/12\/presenting.jpg\" alt=\"\" width=\"227\" height=\"164\"><\/a><br \/>\n<a href=\"http:\/\/www.comcepto.com.co\" target=\"_blank\" rel=\"noopener noreferrer\"><img loading=\"lazy\" decoding=\"async\" class=\"alignnone size-full wp-image-494\" src=\"http:\/\/www.thinkweb.ch\/wp-content\/uploads\/2016\/12\/realisation-comcepto.jpg\" alt=\"\" width=\"227\" height=\"164\">&nbsp; &nbsp; &nbsp; &nbsp;&nbsp;<\/a><a href=\"http:\/\/www.mediation-vevey-se.ch\" target=\"_blank\" rel=\"noopener noreferrer\"><img loading=\"lazy\" decoding=\"async\" class=\"alignnone size-full wp-image-491\" src=\"http:\/\/www.thinkweb.ch\/wp-content\/uploads\/2016\/12\/realisation-mediation-vevey-se.jpg\" alt=\"\" width=\"227\" height=\"164\"><\/a><a href=\"http:\/\/www.comcepto.com.co\" target=\"_blank\" rel=\"noopener noreferrer\">&nbsp;<\/a><\/p>\n<p><a href=\"http:\/\/www.capforme.ch\" target=\"_blank\" rel=\"noopener noreferrer\"><img loading=\"lazy\" decoding=\"async\" class=\"alignnone size-full wp-image-493\" src=\"http:\/\/www.thinkweb.ch\/wp-content\/uploads\/2016\/12\/realisation-capforme.jpg\" alt=\"\" width=\"227\" height=\"164\"><\/a>&nbsp; &nbsp; &nbsp; &nbsp;<a href=\"http:\/\/www.doublev-art.ch\" target=\"_blank\" rel=\"noopener noreferrer\"><img loading=\"lazy\" decoding=\"async\" class=\"alignnone size-full wp-image-496\" src=\"http:\/\/www.thinkweb.ch\/wp-content\/uploads\/2016\/12\/realisation-doublev-art.jpg\" alt=\"\" width=\"227\" height=\"164\"><\/a><\/p>\n<p><a href=\"http:\/\/www.galerie-image-in.ch\" target=\"_blank\" rel=\"noopener noreferrer\"><img loading=\"lazy\" decoding=\"async\" class=\"alignnone size-full wp-image-490\" src=\"http:\/\/www.thinkweb.ch\/wp-content\/uploads\/2016\/12\/realisation-galerie-image-in.jpg\" alt=\"\" width=\"227\" height=\"164\"><\/a><\/p>\n<p><a href=\"http:\/\/www.gap-immobilier.ch\" target=\"_blank\" rel=\"noopener noreferrer\"><img loading=\"lazy\" decoding=\"async\" class=\"alignnone wp-image-402 size-full\" src=\"http:\/\/www.thinkweb.ch\/wp-content\/uploads\/2016\/12\/realisation-gap-immobilier.jpg\" width=\"227\" height=\"164\"><\/a> &nbsp; &nbsp; &nbsp; &nbsp;<a href=\"http:\/\/danse-orientale-z.ch\" target=\"_blank\" rel=\"noopener noreferrer\"><img loading=\"lazy\" decoding=\"async\" class=\"alignnone size-full wp-image-495\" src=\"http:\/\/www.thinkweb.ch\/wp-content\/uploads\/2016\/12\/realisation-danse-orientale.jpg\" alt=\"\" width=\"227\" height=\"164\"><\/a><\/p>\n<p><a href=\"http:\/\/www.imkerei-brachhold.de\" target=\"_blank\" rel=\"noopener noreferrer\"><img loading=\"lazy\" decoding=\"async\" class=\"alignnone size-full wp-image-497\" src=\"http:\/\/www.thinkweb.ch\/wp-content\/uploads\/2016\/12\/realisation-honig.jpg\" alt=\"\" width=\"227\" height=\"164\"><\/a> &nbsp; &nbsp; &nbsp; &nbsp; <a href=\"http:\/\/www.association-arcos.ch\/\" target=\"_blank\" rel=\"noopener noreferrer\"><img loading=\"lazy\" decoding=\"async\" class=\"alignnone size-full wp-image-492\" src=\"http:\/\/www.thinkweb.ch\/wp-content\/uploads\/2016\/12\/realisation-arcos.jpg\" alt=\"\" width=\"256\" height=\"174\"><br \/>\n<\/a><\/p>\n<p><span style=\"color: #ffffff;\">WEB DESIGN I Graphic Design I Modules e-Learning I Illustrations<\/span><\/p>","protected":false},"excerpt":{"rendered":"<p>De la r\u00e9alisation de vos photos \u00e0 la cr\u00e9ation des illustrations, des animations et de l&rsquo;interface graphique de votre site internet,&nbsp;tout ce qui vous permettra de montrer l&rsquo;image que vous souhaitez sur internet.&nbsp;WEB DESIGN Think different! ThinkWeb&nbsp;\u2665&nbsp; WEB DESIGN Quelques r\u00e9alisations &nbsp; &nbsp; &nbsp; &nbsp; &nbsp; &nbsp; &nbsp; &nbsp; &nbsp;&nbsp;&nbsp; &nbsp; &nbsp; &nbsp; &nbsp; &nbsp; &hellip; <\/p>\n<p class=\"link-more\"><a href=\"https:\/\/www.thinkweb.ch\/en\/quelques-realisations\/\" class=\"more-link\">Continue reading<span class=\"screen-reader-text\"> \u00ab\u00a0Quelques r\u00e9alisations\u00a0\u00bb<\/span><\/a><\/p>","protected":false},"author":1,"featured_media":0,"parent":0,"menu_order":0,"comment_status":"closed","ping_status":"closed","template":"","meta":{"footnotes":""},"class_list":["post-706","page","type-page","status-publish","hentry"],"yoast_head":"<!-- This site is optimized with the Yoast SEO plugin v24.6 - https:\/\/yoast.com\/wordpress\/plugins\/seo\/ -->\n<title>Quelques r\u00e9alisations |<\/title>\n<meta name=\"robots\" content=\"index, follow, max-snippet:-1, max-image-preview:large, max-video-preview:-1\" \/>\n<link rel=\"canonical\" href=\"https:\/\/www.thinkweb.ch\/en\/quelques-realisations\/\" \/>\n<meta property=\"og:locale\" content=\"en_US\" \/>\n<meta property=\"og:type\" content=\"article\" \/>\n<meta property=\"og:title\" content=\"Quelques r\u00e9alisations |\" \/>\n<meta property=\"og:description\" content=\"De la r\u00e9alisation de vos photos \u00e0 la cr\u00e9ation des illustrations, des animations et de l&rsquo;interface graphique de votre site internet,&nbsp;tout ce qui vous permettra de montrer l&rsquo;image que vous souhaitez sur internet.&nbsp;WEB DESIGN Think different! ThinkWeb&nbsp;\u2665&nbsp; WEB DESIGN Quelques r\u00e9alisations &nbsp; &nbsp; &nbsp; &nbsp; &nbsp; &nbsp; &nbsp; &nbsp; &nbsp;&nbsp;&nbsp; &nbsp; &nbsp; &nbsp; &nbsp; &nbsp; &hellip; Continue reading &quot;Quelques r\u00e9alisations&quot;\" \/>\n<meta property=\"og:url\" content=\"https:\/\/www.thinkweb.ch\/en\/quelques-realisations\/\" \/>\n<meta property=\"article:modified_time\" content=\"2020-03-26T21:45:51+00:00\" \/>\n<meta property=\"og:image\" content=\"http:\/\/www.thinkweb.ch\/wp-content\/uploads\/2016\/12\/logo-index.png\" \/>\n<meta name=\"twitter:card\" content=\"summary_large_image\" \/>\n<script type=\"application\/ld+json\" class=\"yoast-schema-graph\">{\"@context\":\"https:\/\/schema.org\",\"@graph\":[{\"@type\":\"WebPage\",\"@id\":\"https:\/\/www.thinkweb.ch\/quelques-realisations\/\",\"url\":\"https:\/\/www.thinkweb.ch\/quelques-realisations\/\",\"name\":\"Quelques r\u00e9alisations |\",\"isPartOf\":{\"@id\":\"https:\/\/www.thinkweb.ch\/#website\"},\"primaryImageOfPage\":{\"@id\":\"https:\/\/www.thinkweb.ch\/quelques-realisations\/#primaryimage\"},\"image\":{\"@id\":\"https:\/\/www.thinkweb.ch\/quelques-realisations\/#primaryimage\"},\"thumbnailUrl\":\"http:\/\/www.thinkweb.ch\/wp-content\/uploads\/2016\/12\/logo-index.png\",\"datePublished\":\"2017-01-18T08:55:50+00:00\",\"dateModified\":\"2020-03-26T21:45:51+00:00\",\"breadcrumb\":{\"@id\":\"https:\/\/www.thinkweb.ch\/quelques-realisations\/#breadcrumb\"},\"inLanguage\":\"en-US\",\"potentialAction\":[{\"@type\":\"ReadAction\",\"target\":[\"https:\/\/www.thinkweb.ch\/quelques-realisations\/\"]}]},{\"@type\":\"ImageObject\",\"inLanguage\":\"en-US\",\"@id\":\"https:\/\/www.thinkweb.ch\/quelques-realisations\/#primaryimage\",\"url\":\"http:\/\/www.thinkweb.ch\/wp-content\/uploads\/2016\/12\/logo-index.png\",\"contentUrl\":\"http:\/\/www.thinkweb.ch\/wp-content\/uploads\/2016\/12\/logo-index.png\"},{\"@type\":\"BreadcrumbList\",\"@id\":\"https:\/\/www.thinkweb.ch\/quelques-realisations\/#breadcrumb\",\"itemListElement\":[{\"@type\":\"ListItem\",\"position\":1,\"name\":\"Accueil\",\"item\":\"https:\/\/www.thinkweb.ch\/\"},{\"@type\":\"ListItem\",\"position\":2,\"name\":\"Quelques r\u00e9alisations\"}]},{\"@type\":\"WebSite\",\"@id\":\"https:\/\/www.thinkweb.ch\/#website\",\"url\":\"https:\/\/www.thinkweb.ch\/\",\"name\":\"\",\"description\":\"Be diff\u00e9rent ThinkWeb\",\"potentialAction\":[{\"@type\":\"SearchAction\",\"target\":{\"@type\":\"EntryPoint\",\"urlTemplate\":\"https:\/\/www.thinkweb.ch\/?s={search_term_string}\"},\"query-input\":{\"@type\":\"PropertyValueSpecification\",\"valueRequired\":true,\"valueName\":\"search_term_string\"}}],\"inLanguage\":\"en-US\"}]}<\/script>\n<!-- \/ Yoast SEO plugin. -->","yoast_head_json":{"title":"Quelques r\u00e9alisations |","robots":{"index":"index","follow":"follow","max-snippet":"max-snippet:-1","max-image-preview":"max-image-preview:large","max-video-preview":"max-video-preview:-1"},"canonical":"https:\/\/www.thinkweb.ch\/en\/quelques-realisations\/","og_locale":"en_US","og_type":"article","og_title":"Quelques r\u00e9alisations |","og_description":"De la r\u00e9alisation de vos photos \u00e0 la cr\u00e9ation des illustrations, des animations et de l&rsquo;interface graphique de votre site internet,&nbsp;tout ce qui vous permettra de montrer l&rsquo;image que vous souhaitez sur internet.&nbsp;WEB DESIGN Think different! ThinkWeb&nbsp;\u2665&nbsp; WEB DESIGN Quelques r\u00e9alisations &nbsp; &nbsp; &nbsp; &nbsp; &nbsp; &nbsp; &nbsp; &nbsp; &nbsp;&nbsp;&nbsp; &nbsp; &nbsp; &nbsp; &nbsp; &nbsp; &hellip; Continue reading \"Quelques r\u00e9alisations\"","og_url":"https:\/\/www.thinkweb.ch\/en\/quelques-realisations\/","article_modified_time":"2020-03-26T21:45:51+00:00","og_image":[{"url":"http:\/\/www.thinkweb.ch\/wp-content\/uploads\/2016\/12\/logo-index.png","type":"","width":"","height":""}],"twitter_card":"summary_large_image","schema":{"@context":"https:\/\/schema.org","@graph":[{"@type":"WebPage","@id":"https:\/\/www.thinkweb.ch\/quelques-realisations\/","url":"https:\/\/www.thinkweb.ch\/quelques-realisations\/","name":"Quelques r\u00e9alisations |","isPartOf":{"@id":"https:\/\/www.thinkweb.ch\/#website"},"primaryImageOfPage":{"@id":"https:\/\/www.thinkweb.ch\/quelques-realisations\/#primaryimage"},"image":{"@id":"https:\/\/www.thinkweb.ch\/quelques-realisations\/#primaryimage"},"thumbnailUrl":"http:\/\/www.thinkweb.ch\/wp-content\/uploads\/2016\/12\/logo-index.png","datePublished":"2017-01-18T08:55:50+00:00","dateModified":"2020-03-26T21:45:51+00:00","breadcrumb":{"@id":"https:\/\/www.thinkweb.ch\/quelques-realisations\/#breadcrumb"},"inLanguage":"en-US","potentialAction":[{"@type":"ReadAction","target":["https:\/\/www.thinkweb.ch\/quelques-realisations\/"]}]},{"@type":"ImageObject","inLanguage":"en-US","@id":"https:\/\/www.thinkweb.ch\/quelques-realisations\/#primaryimage","url":"http:\/\/www.thinkweb.ch\/wp-content\/uploads\/2016\/12\/logo-index.png","contentUrl":"http:\/\/www.thinkweb.ch\/wp-content\/uploads\/2016\/12\/logo-index.png"},{"@type":"BreadcrumbList","@id":"https:\/\/www.thinkweb.ch\/quelques-realisations\/#breadcrumb","itemListElement":[{"@type":"ListItem","position":1,"name":"Accueil","item":"https:\/\/www.thinkweb.ch\/"},{"@type":"ListItem","position":2,"name":"Quelques r\u00e9alisations"}]},{"@type":"WebSite","@id":"https:\/\/www.thinkweb.ch\/#website","url":"https:\/\/www.thinkweb.ch\/","name":"","description":"Be diff\u00e9rent ThinkWeb","potentialAction":[{"@type":"SearchAction","target":{"@type":"EntryPoint","urlTemplate":"https:\/\/www.thinkweb.ch\/?s={search_term_string}"},"query-input":{"@type":"PropertyValueSpecification","valueRequired":true,"valueName":"search_term_string"}}],"inLanguage":"en-US"}]}},"jetpack_sharing_enabled":true,"_links":{"self":[{"href":"https:\/\/www.thinkweb.ch\/en\/wp-json\/wp\/v2\/pages\/706"}],"collection":[{"href":"https:\/\/www.thinkweb.ch\/en\/wp-json\/wp\/v2\/pages"}],"about":[{"href":"https:\/\/www.thinkweb.ch\/en\/wp-json\/wp\/v2\/types\/page"}],"author":[{"embeddable":true,"href":"https:\/\/www.thinkweb.ch\/en\/wp-json\/wp\/v2\/users\/1"}],"replies":[{"embeddable":true,"href":"https:\/\/www.thinkweb.ch\/en\/wp-json\/wp\/v2\/comments?post=706"}],"version-history":[{"count":3,"href":"https:\/\/www.thinkweb.ch\/en\/wp-json\/wp\/v2\/pages\/706\/revisions"}],"predecessor-version":[{"id":1058,"href":"https:\/\/www.thinkweb.ch\/en\/wp-json\/wp\/v2\/pages\/706\/revisions\/1058"}],"wp:attachment":[{"href":"https:\/\/www.thinkweb.ch\/en\/wp-json\/wp\/v2\/media?parent=706"}],"curies":[{"name":"wp","href":"https:\/\/api.w.org\/{rel}","templated":true}]}}