{"id":708,"date":"2017-01-18T08:56:08","date_gmt":"2017-01-18T08:56:08","guid":{"rendered":"http:\/\/www.thinkweb.ch\/?page_id=708"},"modified":"2020-03-26T21:44:13","modified_gmt":"2020-03-26T21:44:13","slug":"e-learning","status":"publish","type":"page","link":"https:\/\/www.thinkweb.ch\/en\/e-learning\/","title":{"rendered":"E-Learning"},"content":{"rendered":"<h3><span style=\"color: #474747;\">E-learning is a form of distance learning that makes educational content available via the Internet or an intranet. These contents are organized in personalized training modules. Here are two examples of modules realized with \" Articulate Storyline 2 \".<\/span><\/h3>\n<p><a href=\"http:\/\/www.thinkweb.ch\/en\/rational-selling2\/story.html\/\" target=\"_blank\" rel=\"noopener noreferrer\"><img decoding=\"async\" class=\"alignnone wp-image-788\" title=\"E-Learning exemple\" src=\"http:\/\/www.thinkweb.ch\/wp-content\/uploads\/2017\/02\/logo-index2.png\" sizes=\"(max-width: 30px) 100vw, 30px\" srcset=\"http:\/\/www.thinkweb.ch\/wp-content\/uploads\/2017\/02\/logo-index2.png 250w, http:\/\/www.thinkweb.ch\/wp-content\/uploads\/2017\/02\/logo-index2-150x150.png 150w, http:\/\/www.thinkweb.ch\/wp-content\/uploads\/2017\/02\/logo-index2-100x100.png 100w\" alt=\"E-Learning exemple\" width=\"30\" height=\"30\"><\/a><a href=\"http:\/\/www.thinkweb.ch\/en\/rational-selling-2\/story.html\/\" target=\"_blank\" rel=\"noopener noreferrer\">Example track 1&nbsp;<\/a>&nbsp; &nbsp; &nbsp; &nbsp; &nbsp;<a href=\"http:\/\/www.thinkweb.ch\/en\/rational-selling\/story.html\/\" target=\"_blank\" rel=\"noopener noreferrer\"><img decoding=\"async\" class=\"alignnone wp-image-788\" title=\"E-Learning exemple\" src=\"http:\/\/www.thinkweb.ch\/wp-content\/uploads\/2017\/02\/logo-index2.png\" sizes=\"(max-width: 30px) 100vw, 30px\" srcset=\"http:\/\/www.thinkweb.ch\/wp-content\/uploads\/2017\/02\/logo-index2.png 250w, http:\/\/www.thinkweb.ch\/wp-content\/uploads\/2017\/02\/logo-index2-150x150.png 150w, http:\/\/www.thinkweb.ch\/wp-content\/uploads\/2017\/02\/logo-index2-100x100.png 100w\" alt=\"E-Learning exemple\" width=\"30\" height=\"30\"><\/a><a href=\"http:\/\/www.thinkweb.ch\/en\/rational-selling\/story.html\/\" target=\"_blank\" rel=\"noopener noreferrer\">Example track&nbsp;<\/a>2<\/p>","protected":false},"excerpt":{"rendered":"<p>Le E-learning &nbsp;c&rsquo;est une forme d\u2019apprentissage \u00e0 distance qui met \u00e0 disposition de contenus p\u00e9dagogiques via internet ou un r\u00e9seau intranet. Ces contenus sont organis\u00e9s en modules de formation personnalis\u00e9e. Voici deux exemples de modules r\u00e9alis\u00e9 avec \u00ab\u00a0Articulate Storyline 2\u00a0\u00bb Exemple morceau 1&nbsp;&nbsp; &nbsp; &nbsp; &nbsp; &nbsp;Exemple morceau&nbsp;2<\/p>","protected":false},"author":1,"featured_media":0,"parent":0,"menu_order":0,"comment_status":"closed","ping_status":"closed","template":"","meta":{"footnotes":""},"class_list":["post-708","page","type-page","status-publish","hentry"],"yoast_head":"<!-- This site is optimized with the Yoast SEO plugin v24.6 - https:\/\/yoast.com\/wordpress\/plugins\/seo\/ -->\n<title>E-learning I Articulate Storyline 2 I Formation en ligne<\/title>\n<meta name=\"description\" content=\"Exemples de modules E-learning r\u00e9alis\u00e9 avec &quot;Articulate Storyline 2&quot; I Cr\u00e9ation de modules de Formation en ligne avec &quot;Articulate Storyline 2&quot;\" \/>\n<meta name=\"robots\" content=\"index, follow, max-snippet:-1, max-image-preview:large, max-video-preview:-1\" \/>\n<link rel=\"canonical\" href=\"https:\/\/www.thinkweb.ch\/en\/e-learning\/\" \/>\n<meta property=\"og:locale\" content=\"en_US\" \/>\n<meta property=\"og:type\" content=\"article\" \/>\n<meta property=\"og:title\" content=\"E-learning I Articulate Storyline 2 I Formation en ligne\" \/>\n<meta property=\"og:description\" content=\"Exemples de modules E-learning r\u00e9alis\u00e9 avec &quot;Articulate Storyline 2&quot; I Cr\u00e9ation de modules de Formation en ligne avec &quot;Articulate Storyline 2&quot;\" \/>\n<meta property=\"og:url\" content=\"https:\/\/www.thinkweb.ch\/en\/e-learning\/\" \/>\n<meta property=\"article:modified_time\" content=\"2020-03-26T21:44:13+00:00\" \/>\n<meta property=\"og:image\" content=\"http:\/\/www.thinkweb.ch\/wp-content\/uploads\/2017\/02\/logo-index2.png\" \/>\n<meta name=\"twitter:card\" content=\"summary_large_image\" \/>\n<script type=\"application\/ld+json\" class=\"yoast-schema-graph\">{\"@context\":\"https:\/\/schema.org\",\"@graph\":[{\"@type\":\"WebPage\",\"@id\":\"https:\/\/www.thinkweb.ch\/e-learning\/\",\"url\":\"https:\/\/www.thinkweb.ch\/e-learning\/\",\"name\":\"E-learning I Articulate Storyline 2 I Formation en ligne\",\"isPartOf\":{\"@id\":\"https:\/\/www.thinkweb.ch\/#website\"},\"primaryImageOfPage\":{\"@id\":\"https:\/\/www.thinkweb.ch\/e-learning\/#primaryimage\"},\"image\":{\"@id\":\"https:\/\/www.thinkweb.ch\/e-learning\/#primaryimage\"},\"thumbnailUrl\":\"http:\/\/www.thinkweb.ch\/wp-content\/uploads\/2017\/02\/logo-index2.png\",\"datePublished\":\"2017-01-18T08:56:08+00:00\",\"dateModified\":\"2020-03-26T21:44:13+00:00\",\"description\":\"Exemples de modules E-learning r\u00e9alis\u00e9 avec \\\"Articulate Storyline 2\\\" I Cr\u00e9ation de modules de Formation en ligne avec \\\"Articulate Storyline 2\\\"\",\"breadcrumb\":{\"@id\":\"https:\/\/www.thinkweb.ch\/e-learning\/#breadcrumb\"},\"inLanguage\":\"en-US\",\"potentialAction\":[{\"@type\":\"ReadAction\",\"target\":[\"https:\/\/www.thinkweb.ch\/e-learning\/\"]}]},{\"@type\":\"ImageObject\",\"inLanguage\":\"en-US\",\"@id\":\"https:\/\/www.thinkweb.ch\/e-learning\/#primaryimage\",\"url\":\"http:\/\/www.thinkweb.ch\/wp-content\/uploads\/2017\/02\/logo-index2.png\",\"contentUrl\":\"http:\/\/www.thinkweb.ch\/wp-content\/uploads\/2017\/02\/logo-index2.png\"},{\"@type\":\"BreadcrumbList\",\"@id\":\"https:\/\/www.thinkweb.ch\/e-learning\/#breadcrumb\",\"itemListElement\":[{\"@type\":\"ListItem\",\"position\":1,\"name\":\"Accueil\",\"item\":\"https:\/\/www.thinkweb.ch\/\"},{\"@type\":\"ListItem\",\"position\":2,\"name\":\"E-Learning\"}]},{\"@type\":\"WebSite\",\"@id\":\"https:\/\/www.thinkweb.ch\/#website\",\"url\":\"https:\/\/www.thinkweb.ch\/\",\"name\":\"\",\"description\":\"Be diff\u00e9rent ThinkWeb\",\"potentialAction\":[{\"@type\":\"SearchAction\",\"target\":{\"@type\":\"EntryPoint\",\"urlTemplate\":\"https:\/\/www.thinkweb.ch\/?s={search_term_string}\"},\"query-input\":{\"@type\":\"PropertyValueSpecification\",\"valueRequired\":true,\"valueName\":\"search_term_string\"}}],\"inLanguage\":\"en-US\"}]}<\/script>\n<!-- \/ Yoast SEO plugin. -->","yoast_head_json":{"title":"E-learning I Articulate Storyline 2 I Formation en ligne","description":"Exemples de modules E-learning r\u00e9alis\u00e9 avec \"Articulate Storyline 2\" I Cr\u00e9ation de modules de Formation en ligne avec \"Articulate Storyline 2\"","robots":{"index":"index","follow":"follow","max-snippet":"max-snippet:-1","max-image-preview":"max-image-preview:large","max-video-preview":"max-video-preview:-1"},"canonical":"https:\/\/www.thinkweb.ch\/en\/e-learning\/","og_locale":"en_US","og_type":"article","og_title":"E-learning I Articulate Storyline 2 I Formation en ligne","og_description":"Exemples de modules E-learning r\u00e9alis\u00e9 avec \"Articulate Storyline 2\" I Cr\u00e9ation de modules de Formation en ligne avec \"Articulate Storyline 2\"","og_url":"https:\/\/www.thinkweb.ch\/en\/e-learning\/","article_modified_time":"2020-03-26T21:44:13+00:00","og_image":[{"url":"http:\/\/www.thinkweb.ch\/wp-content\/uploads\/2017\/02\/logo-index2.png","type":"","width":"","height":""}],"twitter_card":"summary_large_image","schema":{"@context":"https:\/\/schema.org","@graph":[{"@type":"WebPage","@id":"https:\/\/www.thinkweb.ch\/e-learning\/","url":"https:\/\/www.thinkweb.ch\/e-learning\/","name":"E-learning I Articulate Storyline 2 I Formation en ligne","isPartOf":{"@id":"https:\/\/www.thinkweb.ch\/#website"},"primaryImageOfPage":{"@id":"https:\/\/www.thinkweb.ch\/e-learning\/#primaryimage"},"image":{"@id":"https:\/\/www.thinkweb.ch\/e-learning\/#primaryimage"},"thumbnailUrl":"http:\/\/www.thinkweb.ch\/wp-content\/uploads\/2017\/02\/logo-index2.png","datePublished":"2017-01-18T08:56:08+00:00","dateModified":"2020-03-26T21:44:13+00:00","description":"Exemples de modules E-learning r\u00e9alis\u00e9 avec \"Articulate Storyline 2\" I Cr\u00e9ation de modules de Formation en ligne avec \"Articulate Storyline 2\"","breadcrumb":{"@id":"https:\/\/www.thinkweb.ch\/e-learning\/#breadcrumb"},"inLanguage":"en-US","potentialAction":[{"@type":"ReadAction","target":["https:\/\/www.thinkweb.ch\/e-learning\/"]}]},{"@type":"ImageObject","inLanguage":"en-US","@id":"https:\/\/www.thinkweb.ch\/e-learning\/#primaryimage","url":"http:\/\/www.thinkweb.ch\/wp-content\/uploads\/2017\/02\/logo-index2.png","contentUrl":"http:\/\/www.thinkweb.ch\/wp-content\/uploads\/2017\/02\/logo-index2.png"},{"@type":"BreadcrumbList","@id":"https:\/\/www.thinkweb.ch\/e-learning\/#breadcrumb","itemListElement":[{"@type":"ListItem","position":1,"name":"Accueil","item":"https:\/\/www.thinkweb.ch\/"},{"@type":"ListItem","position":2,"name":"E-Learning"}]},{"@type":"WebSite","@id":"https:\/\/www.thinkweb.ch\/#website","url":"https:\/\/www.thinkweb.ch\/","name":"","description":"Be diff\u00e9rent ThinkWeb","potentialAction":[{"@type":"SearchAction","target":{"@type":"EntryPoint","urlTemplate":"https:\/\/www.thinkweb.ch\/?s={search_term_string}"},"query-input":{"@type":"PropertyValueSpecification","valueRequired":true,"valueName":"search_term_string"}}],"inLanguage":"en-US"}]}},"jetpack_sharing_enabled":true,"_links":{"self":[{"href":"https:\/\/www.thinkweb.ch\/en\/wp-json\/wp\/v2\/pages\/708"}],"collection":[{"href":"https:\/\/www.thinkweb.ch\/en\/wp-json\/wp\/v2\/pages"}],"about":[{"href":"https:\/\/www.thinkweb.ch\/en\/wp-json\/wp\/v2\/types\/page"}],"author":[{"embeddable":true,"href":"https:\/\/www.thinkweb.ch\/en\/wp-json\/wp\/v2\/users\/1"}],"replies":[{"embeddable":true,"href":"https:\/\/www.thinkweb.ch\/en\/wp-json\/wp\/v2\/comments?post=708"}],"version-history":[{"count":26,"href":"https:\/\/www.thinkweb.ch\/en\/wp-json\/wp\/v2\/pages\/708\/revisions"}],"predecessor-version":[{"id":1051,"href":"https:\/\/www.thinkweb.ch\/en\/wp-json\/wp\/v2\/pages\/708\/revisions\/1051"}],"wp:attachment":[{"href":"https:\/\/www.thinkweb.ch\/en\/wp-json\/wp\/v2\/media?parent=708"}],"curies":[{"name":"wp","href":"https:\/\/api.w.org\/{rel}","templated":true}]}}