{"id":9,"date":"2016-12-12T15:10:37","date_gmt":"2016-12-12T15:10:37","guid":{"rendered":"http:\/\/www.thinkweb.ch\/wp\/?page_id=9"},"modified":"2020-03-26T21:44:03","modified_gmt":"2020-03-26T21:44:03","slug":"contact","status":"publish","type":"page","link":"https:\/\/www.thinkweb.ch\/en\/contact\/","title":{"rendered":"CONTACT"},"content":{"rendered":"<div class=\"scfp-form-content\">\n    <form class=\"scfp-form\" id=\"wcpform_1\"  method=\"post\" action=\"\" data-trp-original-action=\"\">\n        <input type=\"hidden\" name=\"form_id\" value=\"wcpform_1\"\/>\n        <input type=\"hidden\" name=\"action\" value=\"scfp-form-submit\"\/>\n            <div class=\"scfp-form-row\">\n                    <label class=\"scfp-form-label\" for=\"scfp-name\">Name \/ First name <span class=\"scfp-form-field-required\">*<\/span><\/label>\n                \n        <input  class=\"scfp-form-field\" type=\"text\" id=\"scfp-name\" name=\"scfp-name\"  required value=\"\">\n\n            <\/div>\n    <div class=\"scfp-form-row\">\n                    <label class=\"scfp-form-label\" for=\"scfp-email\">Email <span class=\"scfp-form-field-required\">*<\/span><\/label>\n                \n        <input  class=\"scfp-form-field\" type=\"email\" id=\"scfp-email\" name=\"scfp-email\"  required value=\"\">\n\n            <\/div>\n    <div class=\"scfp-form-row\">\n                    <label class=\"scfp-form-label\" for=\"scfp-phone\">Phone<\/label>\n                \n        <input  class=\"scfp-form-field\" type=\"text\" id=\"scfp-phone\" name=\"scfp-phone\"  value=\"\">\n\n            <\/div>\n    <div class=\"scfp-form-row\">\n                    <label class=\"scfp-form-label\" for=\"scfp-subject\">Subject <span class=\"scfp-form-field-required\">*<\/span><\/label>\n                \n        <input  class=\"scfp-form-field\" type=\"text\" id=\"scfp-subject\" name=\"scfp-subject\"  required value=\"\">\n\n            <\/div>\n    <div class=\"scfp-form-row\">\n                    <label class=\"scfp-form-label\" for=\"scfp-message\">Message <span class=\"scfp-form-field-required\">*<\/span><\/label>\n                \n        <textarea  class=\"scfp-form-field scfp-form-message-field\" id=\"scfp-message\" name=\"scfp-message\" required><\/textarea>        \n        \n                \n    <\/div>\n    <div class=\"scfp-form-row\">\n                    <label class=\"scfp-form-label\" for=\"scfp-captcha\">Captcha <span class=\"scfp-form-field-required\">*<\/span><\/label>\n                    \n        <div class=\"scfp-captcha\">                                \n            <div class=\"scfp-captcha-image\">\n                <div class=\"scfp-captcha-image-wrapper\">\n                    <img decoding=\"async\" src=\"data:image\/png;base64,iVBORw0KGgoAAAANSUhEUgAAAMgAAABGCAIAAAAGgExhAAAACXBIWXMAAA7EAAAOxAGVKw4bAAAAz0lEQVR4nO3SwQ3AIBDAsNL9dz6WIEJC9gR5ZM3MB6f9twN4k7FIGIuEsUgYi4SxSBiLhLFIGIuEsUgYi4SxSBiLhLFIGIuEsUgYi4SxSBiLhLFIGIuEsUgYi4SxSBiLhLFIGIuEsUgYi4SxSBiLhLFIGIuEsUgYi4SxSBiLhLFIGIuEsUgYi4SxSBiLhLFIGIuEsUgYi4SxSBiLhLFIGIuEsUgYi4SxSBiLhLFIGIuEsUgYi4SxSBiLhLFIGIuEsUgYi4SxSBiLhLFIGIvEBsJGA4kCb7UHAAAAAElFTkSuQmCC\" alt=\"\" \/>\n                <\/div>    \n            <\/div>    \n            <div class=\"scfp-captcha-field\">\n                <input  class=\"scfp-form-field\" type=\"text\" id=\"scfp-captcha\" name=\"scfp-captcha\"  required>\n                <a class=\"scfp-captcha-refresh\" data-key=\"captcha\" data-id=\"wcpform_1\" href=\"javascript:void();\">\n                    <div class=\"scfp-captcha-refresh-inner\">\n                        <div class=\"scfp-captcha-refresh-inner-icon\">\n                            <span class=\"scfp-icon-refresh\"><\/span>\n                            <span class=\"scfp-no-styles\">Refresh<\/span>\n                        <\/div>    \n                    <\/div>    \n                <\/a>\n            <\/div>\n            \n                         \n        <\/div>        \n    <\/div>\n        <div class=\"scfp-form-action scfp-form-button-position-left\">\n            <input class=\"scfp-form-submit\" type=\"submit\" value=\"Send\">\n        <\/div>        \n    <input type=\"hidden\" name=\"trp-form-language\" value=\"en\"\/><\/form>\n<\/div>\n\n<p><a href=\"http:\/\/www.thinkweb.ch\/en\/graphic-design\/logos\/\"><img decoding=\"async\" class=\"alignnone wp-image-644\" src=\"http:\/\/www.thinkweb.ch\/wp-content\/uploads\/2016\/12\/logo-index.png\" alt=\"Thinkweb - Contact\" width=\"33\" height=\"33\"><\/a><span style=\"color: #ffffff;\">CONTACT<\/span><\/p>\n<div class=\"mapouter\">\n<div class=\"gmap_canvas\"><iframe id=\"gmap_canvas\" src=\"https:\/\/maps.google.com\/maps?q=clos-derrey 27 1614 Granges&amp;t=&amp;z=13&amp;ie=UTF8&amp;iwloc=&amp;output=embed\" width=\"600\" height=\"250\" frameborder=\"0\" marginwidth=\"0\" marginheight=\"0\" scrolling=\"no\"><\/iframe><\/p>\n<\/div>\n<\/div>","protected":false},"excerpt":{"rendered":"<p>CONTACT<\/p>","protected":false},"author":1,"featured_media":0,"parent":0,"menu_order":0,"comment_status":"closed","ping_status":"closed","template":"","meta":{"footnotes":""},"class_list":["post-9","page","type-page","status-publish","hentry"],"yoast_head":"<!-- This site is optimized with the Yoast SEO plugin v24.6 - https:\/\/yoast.com\/wordpress\/plugins\/seo\/ -->\n<title>ThinkWeb I Contact I Graphic Design I Illustrations<\/title>\n<meta name=\"description\" content=\"Contact, contactez-nous d\u00e8s aujourd&#039;hui ! cr\u00e9ation de sites internet, modules e-Learning, brochures, flyers, logos, cartes de visite, papier ent\u00eate, etc.\" \/>\n<meta name=\"robots\" content=\"index, follow, max-snippet:-1, max-image-preview:large, max-video-preview:-1\" \/>\n<link rel=\"canonical\" href=\"https:\/\/www.thinkweb.ch\/en\/contact\/\" \/>\n<meta property=\"og:locale\" content=\"en_US\" \/>\n<meta property=\"og:type\" content=\"article\" \/>\n<meta property=\"og:title\" content=\"ThinkWeb I Contact I Graphic Design I Illustrations\" \/>\n<meta property=\"og:description\" content=\"Contact, contactez-nous d\u00e8s aujourd&#039;hui ! cr\u00e9ation de sites internet, modules e-Learning, brochures, flyers, logos, cartes de visite, papier ent\u00eate, etc.\" \/>\n<meta property=\"og:url\" content=\"https:\/\/www.thinkweb.ch\/en\/contact\/\" \/>\n<meta property=\"article:modified_time\" content=\"2020-03-26T21:44:03+00:00\" \/>\n<meta property=\"og:image\" content=\"http:\/\/www.thinkweb.ch\/wp-content\/uploads\/2016\/12\/logo-index.png\" \/>\n<meta name=\"twitter:card\" content=\"summary_large_image\" \/>\n<script type=\"application\/ld+json\" class=\"yoast-schema-graph\">{\"@context\":\"https:\/\/schema.org\",\"@graph\":[{\"@type\":\"WebPage\",\"@id\":\"https:\/\/www.thinkweb.ch\/contact\/\",\"url\":\"https:\/\/www.thinkweb.ch\/contact\/\",\"name\":\"ThinkWeb I Contact I Graphic Design I Illustrations\",\"isPartOf\":{\"@id\":\"https:\/\/www.thinkweb.ch\/#website\"},\"primaryImageOfPage\":{\"@id\":\"https:\/\/www.thinkweb.ch\/contact\/#primaryimage\"},\"image\":{\"@id\":\"https:\/\/www.thinkweb.ch\/contact\/#primaryimage\"},\"thumbnailUrl\":\"http:\/\/www.thinkweb.ch\/wp-content\/uploads\/2016\/12\/logo-index.png\",\"datePublished\":\"2016-12-12T15:10:37+00:00\",\"dateModified\":\"2020-03-26T21:44:03+00:00\",\"description\":\"Contact, contactez-nous d\u00e8s aujourd'hui ! cr\u00e9ation de sites internet, modules e-Learning, brochures, flyers, logos, cartes de visite, papier ent\u00eate, etc.\",\"breadcrumb\":{\"@id\":\"https:\/\/www.thinkweb.ch\/contact\/#breadcrumb\"},\"inLanguage\":\"en-US\",\"potentialAction\":[{\"@type\":\"ReadAction\",\"target\":[\"https:\/\/www.thinkweb.ch\/contact\/\"]}]},{\"@type\":\"ImageObject\",\"inLanguage\":\"en-US\",\"@id\":\"https:\/\/www.thinkweb.ch\/contact\/#primaryimage\",\"url\":\"http:\/\/www.thinkweb.ch\/wp-content\/uploads\/2016\/12\/logo-index.png\",\"contentUrl\":\"http:\/\/www.thinkweb.ch\/wp-content\/uploads\/2016\/12\/logo-index.png\"},{\"@type\":\"BreadcrumbList\",\"@id\":\"https:\/\/www.thinkweb.ch\/contact\/#breadcrumb\",\"itemListElement\":[{\"@type\":\"ListItem\",\"position\":1,\"name\":\"Accueil\",\"item\":\"https:\/\/www.thinkweb.ch\/\"},{\"@type\":\"ListItem\",\"position\":2,\"name\":\"CONTACT\"}]},{\"@type\":\"WebSite\",\"@id\":\"https:\/\/www.thinkweb.ch\/#website\",\"url\":\"https:\/\/www.thinkweb.ch\/\",\"name\":\"\",\"description\":\"Be diff\u00e9rent ThinkWeb\",\"potentialAction\":[{\"@type\":\"SearchAction\",\"target\":{\"@type\":\"EntryPoint\",\"urlTemplate\":\"https:\/\/www.thinkweb.ch\/?s={search_term_string}\"},\"query-input\":{\"@type\":\"PropertyValueSpecification\",\"valueRequired\":true,\"valueName\":\"search_term_string\"}}],\"inLanguage\":\"en-US\"}]}<\/script>\n<!-- \/ Yoast SEO plugin. -->","yoast_head_json":{"title":"ThinkWeb I Contact I Graphic Design I Illustrations","description":"Contact, contactez-nous d\u00e8s aujourd'hui ! cr\u00e9ation de sites internet, modules e-Learning, brochures, flyers, logos, cartes de visite, papier ent\u00eate, etc.","robots":{"index":"index","follow":"follow","max-snippet":"max-snippet:-1","max-image-preview":"max-image-preview:large","max-video-preview":"max-video-preview:-1"},"canonical":"https:\/\/www.thinkweb.ch\/en\/contact\/","og_locale":"en_US","og_type":"article","og_title":"ThinkWeb I Contact I Graphic Design I Illustrations","og_description":"Contact, contactez-nous d\u00e8s aujourd'hui ! cr\u00e9ation de sites internet, modules e-Learning, brochures, flyers, logos, cartes de visite, papier ent\u00eate, etc.","og_url":"https:\/\/www.thinkweb.ch\/en\/contact\/","article_modified_time":"2020-03-26T21:44:03+00:00","og_image":[{"url":"http:\/\/www.thinkweb.ch\/wp-content\/uploads\/2016\/12\/logo-index.png","type":"","width":"","height":""}],"twitter_card":"summary_large_image","schema":{"@context":"https:\/\/schema.org","@graph":[{"@type":"WebPage","@id":"https:\/\/www.thinkweb.ch\/contact\/","url":"https:\/\/www.thinkweb.ch\/contact\/","name":"ThinkWeb I Contact I Graphic Design I Illustrations","isPartOf":{"@id":"https:\/\/www.thinkweb.ch\/#website"},"primaryImageOfPage":{"@id":"https:\/\/www.thinkweb.ch\/contact\/#primaryimage"},"image":{"@id":"https:\/\/www.thinkweb.ch\/contact\/#primaryimage"},"thumbnailUrl":"http:\/\/www.thinkweb.ch\/wp-content\/uploads\/2016\/12\/logo-index.png","datePublished":"2016-12-12T15:10:37+00:00","dateModified":"2020-03-26T21:44:03+00:00","description":"Contact, contactez-nous d\u00e8s aujourd'hui ! cr\u00e9ation de sites internet, modules e-Learning, brochures, flyers, logos, cartes de visite, papier ent\u00eate, etc.","breadcrumb":{"@id":"https:\/\/www.thinkweb.ch\/contact\/#breadcrumb"},"inLanguage":"en-US","potentialAction":[{"@type":"ReadAction","target":["https:\/\/www.thinkweb.ch\/contact\/"]}]},{"@type":"ImageObject","inLanguage":"en-US","@id":"https:\/\/www.thinkweb.ch\/contact\/#primaryimage","url":"http:\/\/www.thinkweb.ch\/wp-content\/uploads\/2016\/12\/logo-index.png","contentUrl":"http:\/\/www.thinkweb.ch\/wp-content\/uploads\/2016\/12\/logo-index.png"},{"@type":"BreadcrumbList","@id":"https:\/\/www.thinkweb.ch\/contact\/#breadcrumb","itemListElement":[{"@type":"ListItem","position":1,"name":"Accueil","item":"https:\/\/www.thinkweb.ch\/"},{"@type":"ListItem","position":2,"name":"CONTACT"}]},{"@type":"WebSite","@id":"https:\/\/www.thinkweb.ch\/#website","url":"https:\/\/www.thinkweb.ch\/","name":"","description":"Be diff\u00e9rent ThinkWeb","potentialAction":[{"@type":"SearchAction","target":{"@type":"EntryPoint","urlTemplate":"https:\/\/www.thinkweb.ch\/?s={search_term_string}"},"query-input":{"@type":"PropertyValueSpecification","valueRequired":true,"valueName":"search_term_string"}}],"inLanguage":"en-US"}]}},"jetpack_sharing_enabled":true,"_links":{"self":[{"href":"https:\/\/www.thinkweb.ch\/en\/wp-json\/wp\/v2\/pages\/9"}],"collection":[{"href":"https:\/\/www.thinkweb.ch\/en\/wp-json\/wp\/v2\/pages"}],"about":[{"href":"https:\/\/www.thinkweb.ch\/en\/wp-json\/wp\/v2\/types\/page"}],"author":[{"embeddable":true,"href":"https:\/\/www.thinkweb.ch\/en\/wp-json\/wp\/v2\/users\/1"}],"replies":[{"embeddable":true,"href":"https:\/\/www.thinkweb.ch\/en\/wp-json\/wp\/v2\/comments?post=9"}],"version-history":[{"count":14,"href":"https:\/\/www.thinkweb.ch\/en\/wp-json\/wp\/v2\/pages\/9\/revisions"}],"predecessor-version":[{"id":1167,"href":"https:\/\/www.thinkweb.ch\/en\/wp-json\/wp\/v2\/pages\/9\/revisions\/1167"}],"wp:attachment":[{"href":"https:\/\/www.thinkweb.ch\/en\/wp-json\/wp\/v2\/media?parent=9"}],"curies":[{"name":"wp","href":"https:\/\/api.w.org\/{rel}","templated":true}]}}